{"id":12856,"date":"2022-01-19T15:06:58","date_gmt":"2022-01-19T15:06:58","guid":{"rendered":"https:\/\/gateway.haikode.online\/?post_type=product&#038;p=12856"},"modified":"2022-07-18T18:42:51","modified_gmt":"2022-07-18T18:42:51","slug":"logitech-c270-hd-webcam","status":"publish","type":"product","link":"https:\/\/gateway.haikode.online\/fr\/produit\/logitech-c270-hd-webcam\/","title":{"rendered":"Logitech C270 HD Webcam"},"content":{"rendered":"<div>\n<div id=\"section_1856248943-iad81d5bd5f5261633f82a19ad5799c74\" class=\"pangea-cmp section-container js-pangea-section-container aem-margin-options        dbgsize-contain tbgsize-contain mbgsize-contain dbgpos-center tbgpos-center mbgpos-center\" data-size-desktop=\"size-auto\" data-size-tablet=\"size-auto\" data-size-mobile=\"size-auto\" data-visible-desktop=\"true\" data-visible-tablet=\"true\" data-visible-mobile=\"true\"><\/p>\n<div class=\"content-ctn aem-content-ctn container\">\n<div id=\"section_1856248943-iad81d5bd5f5261633f82a19ad5799c74-padding-options\" class=\"aem-padding-options dptm dpbs tptm tpbs mptm mpbs\">\n<div id=\"text_editable-i27e3f59c439907fb5c206a3e1c1b9a2d\" class=\"pangea-cmp body-copy js-pangea-body-copy aem-margin-options  font-size-large font-brown-light dc-kohle tc-kohle mc-kohle\" data-align-desktop=\"center\" data-align-tablet=\"center\" data-align-mobile=\"center\">\n<div class=\"aem-content-ctn container\">\n<div id=\"text_editable-i27e3f59c439907fb5c206a3e1c1b9a2d-padding-options\" class=\"aem-padding-options dpts tpts mpts\">\n<div class=\"content-ctn rte-field text-width-normal\">\n<h2 class=\"body-copy-title font-title-m font-brown-bold\">DES APPELS VID\u00c9O HD EN TOUTE SIMPLICIT\u00c9<\/h2>\n<p>Gr\u00e2ce \u00e0 la webcam HD C270, passez des appels vid\u00e9o nets et pr\u00e9cis (C310\/30ips) sur grand \u00e9cran. La correction automatique de l&#8217;\u00e9clairage fait ressortir votre visage en couleurs naturelles et nettes.<\/p>\n<\/div>\n<\/div>\n<\/div>\n<\/div>\n<div id=\"image_editable-if761d048771aa81f316fc1d8a10f3c38\" class=\"pangea-cmp pangea-image aem-margin-options\">\n<div class=\"aem-content-ctn container\">\n<div id=\"image_editable-if761d048771aa81f316fc1d8a10f3c38-padding-options\" class=\"aem-padding-options\"><span style=\"color: #1b1919; font-size: 24px;\">APPELS VID\u00c9O HD 720P SUR GRAND \u00c9CRAN<\/span><\/div>\n<\/div>\n<\/div>\n<\/div>\n<\/div>\n<\/div>\n<\/div>\n<div class=\"banner-wrapper\" data-analytics-section=\"main-banner\">\n<section id=\"banner_630340063-i7a52d94166e98def6a59fafdee3bc8f2\" class=\"pangea-cmp banner js-pangea-banner dbgsize-cover tbgsize-cover mbgsize-cover dbgpos-center tbgpos-center mbgpos-center init-ready pangea-inited\" aria-label=\"APPELS VID\u00c9O HD 720P SUR GRAND \u00c9CRAN\" data-bg-img-desktop=\"https:\/\/resource.logitech.com\/w_1800,h_1800,c_limit,q_auto,f_auto,dpr_1.0\/d_transparent.gif\/content\/dam\/logitech\/en\/products\/webcams\/c270\/c270-feature-3-desktop.png?v=1\" data-bg-img-tablet=\"https:\/\/resource.logitech.com\/w_1024,h_1366,c_limit,q_auto,f_auto,dpr_1.0\/d_transparent.gif\/content\/dam\/logitech\/en\/products\/webcams\/c270\/c270-feature-3-tablet.png?v=1\" data-bg-img-mobile=\"https:\/\/resource.logitech.com\/w_420,h_1024,c_limit,q_auto,f_auto,dpr_1.0\/d_transparent.gif\/content\/dam\/logitech\/en\/products\/webcams\/c270\/c270-feature-3-mobile.png?v=1\" data-size-desktop=\"size-75vh\" data-size-tablet=\"size-75vh\" data-size-mobile=\"size-75vh\" data-theme-desktop=\"theme-light\" data-theme-tablet=\"theme-light\" data-theme-mobile=\"theme-light\" data-video-display-mode-desktop=\"modal\" data-video-display-mode-tablet=\"modal\" data-video-display-mode-mobile=\"modal\" data-video-host=\"youtube\" data-video-ar=\"16x9\" data-video-play-btn-desktop=\"center\" data-video-play-btn-tablet=\"center\" data-video-play-btn-mobile=\"center\" data-gradient-desktop=\"none\" data-gradient-opacity-desktop=\"50\" data-gradient-tablet=\"none\" data-gradient-opacity-tablet=\"50\" data-gradient-mobile=\"none\" data-gradient-opacity-mobile=\"50\" data-layout-desktop=\"text-only\" data-layout-tablet=\"text-only\" data-layout-mobile=\"text-only\" data-layout-copy-width=\"3\" data-layout-copy-offset=\"8\" data-layout-img-width=\"5\" data-layout-img-offset=\"1\" data-layout-copy-width-inner=\"3\" data-text-align-desktop=\"left\" data-text-align-tablet=\"center\" data-text-align-mobile=\"center\" data-vert-align-content-desktop=\"center\" data-vert-align-tablet=\"top\" data-vert-align-mobile=\"top\" data-vert-align-items-desktop=\"center\" data-analytics-title=\"widescreen-hd-720p-video-calls\" data-display-mode-tablet=\"overlaid\" data-display-mode-mobile=\"overlaid\" data-fg-img-desktop=\"\" data-fg-img-tablet=\"\" data-fg-img-mobile=\"\" data-fg-img-align-desktop=\"\" data-fg-img-align-tablet=\"\" data-fg-img-align-mobile=\"\" data-fg-img-alt=\"\" data-bg-align-desktop=\"center\" data-bg-align-tablet=\"\" data-bg-align-mobile=\"\" data-bg-color-desktop=\"black\" data-bg-color-tablet=\"\" data-bg-color-mobile=\"\" data-bg-size-desktop=\"cover\" data-bg-size-tablet=\"\" data-bg-size-mobile=\"\" data-video-id=\"\" data-bg-video-desktop=\"\" data-bg-video-tablet=\"\" data-bg-video-mobile=\"\" data-body-icon-desktop=\"\" data-body-icon-tablet=\"\" data-body-icon-mobile=\"\" data-body-icon-position=\"\" data-visible-desktop=\"true\" data-visible-tablet=\"true\" data-visible-mobile=\"true\">\n<div class=\"container js-banner-main-ctn\">\n<div id=\"banner_630340063-i7a52d94166e98def6a59fafdee3bc8f2-padding-options\" class=\"grid js-banner-main-grid aem-padding-options dptauto dpbauto tptauto tpbauto mptauto mpbauto\">\n<div class=\"banner-copy-ctn\">\n<div class=\"grid\">\n<div class=\"banner-copy-ctn-inner js-banner-copy-ctn-inner\">\n<div class=\"body-copy-ctn js-body-copy-ctn rte-field\">\n<p>Appels vid\u00e9o HD 720p\/30 ips nets avec champ de vision \u00e0 55\u00b0 et correction automatique de l\u2019\u00e9clairage. Compatible avec les principales plate-formes, y compris Skype<sup>TM<\/sup>\u00a0et Zoom.<\/p>\n<\/div>\n<\/div>\n<\/div>\n<div class=\"banner-extra-content below\">\n<div class=\"parsys-ctn\"><span style=\"color: #1b1919; font-size: 24px;\">MICRO ANTIPARASITE MONO<\/span><\/div>\n<\/div>\n<\/div>\n<\/div>\n<\/div>\n<\/section>\n<\/div>\n<section id=\"checkerboard_contain-ic06b38e603a6aeb15cc21cb82205fd55\" class=\"pangea-cmp checkerboard js-pangea-checkerboard-ctn aem-margin-options dmts dmbs tmts tmbs mmts mmbs pangea-inited\" data-layout=\"staggered\" data-first-row=\"media-right\" data-theme-desktop=\"theme-light\" data-theme-tablet=\"theme-light\" data-theme-mobile=\"theme-light\">\n<section class=\"checkerboard-row js-checkerboard-row in-view\" aria-label=\"MICRO ANTIPARASITE MONO\" data-theme-desktop=\"theme-dark\" data-theme-tablet=\"theme-dark\" data-theme-mobile=\"theme-dark\">\n<div class=\"container-xl\">\n<div class=\"grid checkerboard-wrap\">\n<div class=\"text-portion\">\n<div class=\"copy rte-field\">\n<p>Gr\u00e2ce au micro anti-parasite int\u00e9gr\u00e9, votre voix sera parfaitement audible, m\u00eame \u00e0 1,5 m\u00e8tre et dans un environnement bruyant.<\/p>\n<div class=\"cta-container\"><span style=\"color: #1b1919; font-size: 24px;\">CORRECTION AUTOMATIQUE DE L&#8217;\u00c9CLAIRAGE<\/span><\/div>\n<\/div>\n<\/div>\n<\/div>\n<\/div>\n<\/section>\n<section class=\"checkerboard-row js-checkerboard-row in-view\" aria-label=\"CORRECTION AUTOMATIQUE DE L'\u00c9CLAIRAGE\" data-theme-desktop=\"theme-dark\" data-theme-tablet=\"theme-dark\" data-theme-mobile=\"theme-dark\">\n<div class=\"container-xl\">\n<div class=\"grid checkerboard-wrap\">\n<div class=\"text-portion\">\n<div class=\"copy rte-field\">\n<p>La webcam C270 est dot\u00e9e de la fonctionnalit\u00e9 RightLight<sup>TM<\/sup>\u00a02 pour mieux s\u2019adapter aux conditions d\u2019\u00e9clairage et produire des images plus \u00e9clatantes et mieux contrast\u00e9es pour vous montrer sous votre meilleur jour pendant toutes vos visioconf\u00e9rences.<\/p>\n<div class=\"cta-container\"><span style=\"color: #1b1919; font-size: 24px;\">DES OPTIONS DE FIXATION QUI TIENNENT<\/span><\/div>\n<\/div>\n<\/div>\n<\/div>\n<\/div>\n<\/section>\n<section class=\"checkerboard-row js-checkerboard-row in-view\" aria-label=\"DES OPTIONS DE FIXATION QUI TIENNENT\" data-theme-desktop=\"theme-dark\" data-theme-tablet=\"theme-dark\" data-theme-mobile=\"theme-dark\">\n<div class=\"container-xl\">\n<div class=\"grid checkerboard-wrap\">\n<div class=\"text-portion\">\n<div class=\"copy rte-field\">\n<p>Le clip universel r\u00e9glable vous permet de fixer la webcam en toute s\u00e9curit\u00e9 \u00e0 votre \u00e9cran ou ordinateur portable, ou se replie pour poser la cam\u00e9ra sur une \u00e9tag\u00e8re. Soyez toujours pr\u00eats pour la visioconf\u00e9rence suivante.<\/p>\n<\/div>\n<ul class=\"pangea-cmp tech-specs js-pangea-tech-specs\">\n<li class=\"specs-column\">\n<div class=\"specs-group\">\n<header class=\"specs-header\">\n<h3 class=\"specs-heading\">DIMENSIONS<\/h3>\n<\/header>\n<div class=\"specs-block\">\n<h4 class=\"specs-title\">Dimensions avec le clip de fixation universel<\/h4>\n<ul class=\"specs-description-list\">\n<li>Hauteur: 72,91 mm<\/li>\n<li>Largeur: 31,91 mm<\/li>\n<li>Profondeur: 66,64 mm<\/li>\n<li>Longueur du c\u00e2ble: 1,5 m<\/li>\n<li>Poids: 75\u00a0g<\/li>\n<\/ul>\n<\/div>\n<\/div>\n<\/li>\n<li class=\"specs-column\">\n<div class=\"specs-group\">\n<header class=\"specs-header\">\n<h3 class=\"specs-heading\">CONFIGURATION REQUISE<\/h3>\n<\/header>\n<div class=\"specs-block\">\n<h4 class=\"specs-title\">Compatible avec<\/h4>\n<ul class=\"specs-description-list\">\n<li>Windows\u00ae 7 ou version ult\u00e9rieure<\/li>\n<li>macOS 10.10 ou version ult\u00e9rieure<\/li>\n<li>Chrome OS\u2122<\/li>\n<li>Port USB-A<\/li>\n<\/ul>\n<\/div>\n<div class=\"specs-block\">\n<div class=\"specs-description\">Fonctionne avec les plates-formes d&#8217;appel populaires.<\/div>\n<\/div>\n<\/div>\n<\/li>\n<li class=\"specs-column\">\n<div class=\"specs-group\">\n<header class=\"specs-header\">\n<h3 class=\"specs-heading\">SP\u00c9CIFICATIONS TECHNIQUES<\/h3>\n<\/header>\n<div class=\"specs-block\">\n<div class=\"specs-description\">R\u00e9solution maximale: 720p, 30\u00a0ips<\/div>\n<\/div>\n<div class=\"specs-block\">\n<div class=\"specs-description\">Cam\u00e9ra m\u00e9ga pixel: 0.9<\/div>\n<\/div>\n<div class=\"specs-block\">\n<div class=\"specs-description\">Type de mise au point: mise au point fixe<\/div>\n<\/div>\n<div class=\"specs-block\">\n<div class=\"specs-description\">Type d&#8217;objectif: Plastique<\/div>\n<\/div>\n<div class=\"specs-block\">\n<div class=\"specs-description\">Microphone int\u00e9gr\u00e9: Mono<\/div>\n<\/div>\n<div class=\"specs-block\">\n<div class=\"specs-description\">Port\u00e9e du micro: Jusqu&#8217;\u00e0 1\u00a0m<\/div>\n<\/div>\n<div class=\"specs-block\">\n<div class=\"specs-description\">Champ de vision diagonal: 55\u00b0<\/div>\n<\/div>\n<div class=\"specs-block\">\n<div class=\"specs-description\">Clip universel pour ordinateurs portables, \u00e9crans LCD ou \u00e9crans<\/div>\n<\/div>\n<\/div>\n<\/li>\n<li class=\"specs-column\">\n<div class=\"specs-group\">\n<header class=\"specs-header\">\n<h3 class=\"specs-heading\">CONTENU DU COFFRET<\/h3>\n<\/header>\n<div class=\"specs-block\">\n<ul class=\"specs-description-list\">\n<li>1 webcam avec c\u00e2ble USB-A de 1,5 m fourni<\/li>\n<li>Documentation utilisateur<\/li>\n<\/ul>\n<\/div>\n<\/div>\n<\/li>\n<li class=\"specs-column\">\n<div class=\"specs-group\">\n<header class=\"specs-header\">\n<h3 class=\"specs-heading\">INFORMATIONS SUR LA GARANTIE<\/h3>\n<\/header>\n<div class=\"specs-block\">\n<div class=\"specs-description\">2 ans de garantie mat\u00e9rielle limit\u00e9e<\/div>\n<\/div>\n<\/div>\n<\/li>\n<li class=\"specs-column\">\n<div class=\"specs-group\">\n<header class=\"specs-header\">\n<h3 class=\"specs-heading\">NUM\u00c9RO DE R\u00c9F\u00c9RENCE<\/h3>\n<\/header>\n<div class=\"specs-block\">\n<ul class=\"specs-description-list\">\n<li>960-001063<\/li>\n<\/ul>\n<\/div>\n<\/div>\n<\/li>\n<\/ul>\n<\/div>\n<\/div>\n<\/div>\n<\/section>\n<\/section>","protected":false},"excerpt":{"rendered":"<p>&#8230;<\/p>","protected":false},"featured_media":13459,"comment_status":"open","ping_status":"closed","template":"","meta":{"om_disable_all_campaigns":false,"_mi_skip_tracking":false,"_monsterinsights_sitenote_active":false,"_monsterinsights_sitenote_note":"","_monsterinsights_sitenote_category":0},"etheme_brands":[{"term_id":160,"name":"Logitech","slug":"logitech","term_group":0,"term_taxonomy_id":160,"taxonomy":"brand","description":"","parent":0,"count":1,"filter":"raw","term_order":"0"}],"product_cat":[133],"product_tag":[],"aioseo_notices":[],"_links":{"self":[{"href":"https:\/\/gateway.haikode.online\/fr\/wp-json\/wp\/v2\/product\/12856"}],"collection":[{"href":"https:\/\/gateway.haikode.online\/fr\/wp-json\/wp\/v2\/product"}],"about":[{"href":"https:\/\/gateway.haikode.online\/fr\/wp-json\/wp\/v2\/types\/product"}],"replies":[{"embeddable":true,"href":"https:\/\/gateway.haikode.online\/fr\/wp-json\/wp\/v2\/comments?post=12856"}],"wp:featuredmedia":[{"embeddable":true,"href":"https:\/\/gateway.haikode.online\/fr\/wp-json\/wp\/v2\/media\/13459"}],"wp:attachment":[{"href":"https:\/\/gateway.haikode.online\/fr\/wp-json\/wp\/v2\/media?parent=12856"}],"wp:term":[{"taxonomy":"brand","embeddable":true,"href":"https:\/\/gateway.haikode.online\/fr\/wp-json\/wp\/v2\/etheme_brands?post=12856"},{"taxonomy":"product_cat","embeddable":true,"href":"https:\/\/gateway.haikode.online\/fr\/wp-json\/wp\/v2\/product_cat?post=12856"},{"taxonomy":"product_tag","embeddable":true,"href":"https:\/\/gateway.haikode.online\/fr\/wp-json\/wp\/v2\/product_tag?post=12856"}],"curies":[{"name":"wp","href":"https:\/\/api.w.org\/{rel}","templated":true}]}}