{"id":12780,"date":"2022-01-18T18:53:15","date_gmt":"2022-01-18T18:53:15","guid":{"rendered":"https:\/\/gateway.haikode.online\/?post_type=product&#038;p=12780"},"modified":"2022-09-29T10:34:55","modified_gmt":"2022-09-29T10:34:55","slug":"kuulaa-20000mah-power-bank","status":"publish","type":"product","link":"https:\/\/gateway.haikode.online\/fr\/produit\/kuulaa-20000mah-power-bank\/","title":{"rendered":"Kuulaa 20000mAh Power Bank"},"content":{"rendered":"<p data-spm-anchor-id=\"a2g0o.detail.1000023.i0.13cc42b6jfy7KP\">Charge rapide style<\/p>\n<p>Micro entr\u00e9e: 5V\/2A 9V\/2A<\/p>\n<p>Entr\u00e9e de Type c: 5V\/3A 9V\/2A 12V\/1,5a<\/p>\n<p>A1-output: 5V\/2A 9V\/2A 12V\/1.5A<\/p>\n<p>A2-output:5V\/2.5A<\/p>\n<p>Sortie type-c: 5V\/3A 9V\/2A 12V\/1,5a<\/p>\n<p>Ordinaire de style<\/p>\n<p>Micro entr\u00e9e: cc 5V\/2A<\/p>\n<p>Entr\u00e9e de Type c: cc 5V\/2A<\/p>\n<p>A1-output:DC 5V\/2.1A<\/p>\n<p>A2-putput:DC 5V\/2.1A<\/p>\n<p>Double sortie USB de grande capacit\u00e9<\/p>\n<p>Double sortie USB<\/p>\n<p>20000mAh grande capacit\u00e9<\/p>\n<p>Mince et portable<\/p>\n<p>Affichage de la puissance<\/p>\n<p>20000MAH grande capacit\u00e9<\/p>\n<p>Nouvelle s\u00e9rie de macarons, j&#8217;adore \u00e0 premi\u00e8re vue<\/p>\n<p>Double sortie 2.1a charge rapide<\/p>\n<p>Charger 2 appareils en m\u00eame temps<\/p>\n<p>2 entr\u00e9es 2 sorties<\/p>\n<p>R\u00e9sout le probl\u00e8me de la charge et de la d\u00e9charge de la batterie avec un seul c\u00e2ble<\/p>\n<p>Aper\u00e7u du niveau de la batterie moniteur en temps r\u00e9el<\/p>\n<p>4 indicateurs lumineux pour conna\u00eetre clairement la puissance restante<\/p>\n<p>Largement compatible<\/p>\n<p>Supporter les mod\u00e8les grand public de t\u00e9l\u00e9phones mobiles tels que apple, Samsung, Huawei, Xiaomi et d&#8217;autres produits num\u00e9riques tels que tablette, consoles de jeux PSP, ect. COMPATIBLE<\/p>\n<p>Assurance qualit\u00e9 certifi\u00e9 de s\u00e9curit\u00e9<\/p>\n<p>Param\u00e8tres de produit:<\/p>\n<p>Marque: kuulaa<\/p>\n<p>Nom du produit: Macaron 20000mAh power bank<\/p>\n<p>Mod\u00e8le: KL-YD-14<\/p>\n<p>Type de batterie: li-polym\u00e8re poids de la batterie: 430g<\/p>\n<p>Mat\u00e9riau: ABS + PC<\/p>\n<p>Micro entr\u00e9e: 5V\/2.0A entr\u00e9e type-c: 5V\/2.0A<\/p>\n<p>Sortie USB1: 5V\/2.1A sortie USB2: 5V\/2.1A<\/p>\n<p>Capacit\u00e9 de la batterie: 20000 mAh taille: 29.3*72.2*145.3mm<\/p>\n<p>Paquet: Bo\u00eete<\/p>","protected":false},"excerpt":{"rendered":"<p>&#8230;<\/p>","protected":false},"featured_media":13486,"comment_status":"open","ping_status":"closed","template":"","meta":{"om_disable_all_campaigns":false,"_mi_skip_tracking":false,"_monsterinsights_sitenote_active":false,"_monsterinsights_sitenote_note":"","_monsterinsights_sitenote_category":0},"etheme_brands":[{"term_id":162,"name":"Kuulaa","slug":"kuulaa","term_group":0,"term_taxonomy_id":162,"taxonomy":"brand","description":"","parent":0,"count":2,"filter":"raw","term_order":"0"}],"product_cat":[122],"product_tag":[],"aioseo_notices":[],"_links":{"self":[{"href":"https:\/\/gateway.haikode.online\/fr\/wp-json\/wp\/v2\/product\/12780"}],"collection":[{"href":"https:\/\/gateway.haikode.online\/fr\/wp-json\/wp\/v2\/product"}],"about":[{"href":"https:\/\/gateway.haikode.online\/fr\/wp-json\/wp\/v2\/types\/product"}],"replies":[{"embeddable":true,"href":"https:\/\/gateway.haikode.online\/fr\/wp-json\/wp\/v2\/comments?post=12780"}],"wp:featuredmedia":[{"embeddable":true,"href":"https:\/\/gateway.haikode.online\/fr\/wp-json\/wp\/v2\/media\/13486"}],"wp:attachment":[{"href":"https:\/\/gateway.haikode.online\/fr\/wp-json\/wp\/v2\/media?parent=12780"}],"wp:term":[{"taxonomy":"brand","embeddable":true,"href":"https:\/\/gateway.haikode.online\/fr\/wp-json\/wp\/v2\/etheme_brands?post=12780"},{"taxonomy":"product_cat","embeddable":true,"href":"https:\/\/gateway.haikode.online\/fr\/wp-json\/wp\/v2\/product_cat?post=12780"},{"taxonomy":"product_tag","embeddable":true,"href":"https:\/\/gateway.haikode.online\/fr\/wp-json\/wp\/v2\/product_tag?post=12780"}],"curies":[{"name":"wp","href":"https:\/\/api.w.org\/{rel}","templated":true}]}}