{"id":12774,"date":"2022-01-18T18:43:41","date_gmt":"2022-01-18T18:43:41","guid":{"rendered":"https:\/\/gateway.haikode.online\/?post_type=product&#038;p=12774"},"modified":"2022-07-18T18:49:07","modified_gmt":"2022-07-18T18:49:07","slug":"seagate-basic-2-to","status":"publish","type":"product","link":"https:\/\/gateway.haikode.online\/fr\/produit\/seagate-basic-2-to\/","title":{"rendered":"Seagate Basic 2 To"},"content":{"rendered":"<p>Marque \u200eSeagate<\/p>\n<p>Num\u00e9ro du mod\u00e8le de l&#8217;article \u200eSTJL2000400<\/p>\n<p>s\u00e9ries \u200eBasic<\/p>\n<p>Couleur \u200eGris<\/p>\n<p>Plate-forme du mat\u00e9riel informatique \u200ePC, Mac<\/p>\n<p>Taille de la m\u00e9moire vive \u200e2 To<\/p>\n<p>Vitesse de rotation du disque dur \u200e5400 tr\/min<\/p>\n<p>Taille du disque dur \u200e2 To<\/p>\n<p>Technologie du disque dur \u200eDisque dur m\u00e9canique<\/p>\n<p>Interface du disque dur \u200eESATA<\/p>\n<p>Type de carte m\u00e9moire \u200eMLC<\/p>\n<p>Type d&#8217;alimentation \u200eAutoaliment\u00e9<\/p>\n<p>Interface du mat\u00e9riel informatique \u200eUSB 3.0 de type A<\/p>\n<p>Nombre de ports USB 3.0 \u200e1<\/p>\n<p>Type de connecteur \u200eUSB<\/p>\n<p>Compatibilit\u00e9 du p\u00e9riph\u00e9rique \u200eOrdinateur<\/p>","protected":false},"excerpt":{"rendered":"<p>&#8230;<\/p>","protected":false},"featured_media":13489,"comment_status":"open","ping_status":"closed","template":"","meta":{"om_disable_all_campaigns":false,"_mi_skip_tracking":false,"_monsterinsights_sitenote_active":false,"_monsterinsights_sitenote_note":"","_monsterinsights_sitenote_category":0},"etheme_brands":[],"product_cat":[118],"product_tag":[],"aioseo_notices":[],"_links":{"self":[{"href":"https:\/\/gateway.haikode.online\/fr\/wp-json\/wp\/v2\/product\/12774"}],"collection":[{"href":"https:\/\/gateway.haikode.online\/fr\/wp-json\/wp\/v2\/product"}],"about":[{"href":"https:\/\/gateway.haikode.online\/fr\/wp-json\/wp\/v2\/types\/product"}],"replies":[{"embeddable":true,"href":"https:\/\/gateway.haikode.online\/fr\/wp-json\/wp\/v2\/comments?post=12774"}],"wp:featuredmedia":[{"embeddable":true,"href":"https:\/\/gateway.haikode.online\/fr\/wp-json\/wp\/v2\/media\/13489"}],"wp:attachment":[{"href":"https:\/\/gateway.haikode.online\/fr\/wp-json\/wp\/v2\/media?parent=12774"}],"wp:term":[{"taxonomy":"brand","embeddable":true,"href":"https:\/\/gateway.haikode.online\/fr\/wp-json\/wp\/v2\/etheme_brands?post=12774"},{"taxonomy":"product_cat","embeddable":true,"href":"https:\/\/gateway.haikode.online\/fr\/wp-json\/wp\/v2\/product_cat?post=12774"},{"taxonomy":"product_tag","embeddable":true,"href":"https:\/\/gateway.haikode.online\/fr\/wp-json\/wp\/v2\/product_tag?post=12774"}],"curies":[{"name":"wp","href":"https:\/\/api.w.org\/{rel}","templated":true}]}}