{"id":12710,"date":"2022-01-18T15:14:36","date_gmt":"2022-01-18T15:14:36","guid":{"rendered":"https:\/\/gateway.haikode.online\/?post_type=product&#038;p=12710"},"modified":"2022-11-28T18:04:48","modified_gmt":"2022-11-28T18:04:48","slug":"edifier-m206bt","status":"publish","type":"product","link":"https:\/\/gateway.haikode.online\/fr\/produit\/edifier-m206bt\/","title":{"rendered":"Edifier M206BT"},"content":{"rendered":"<p><strong>M206BT 2.1\u00a0<\/strong><b>Haut-parleurs multim\u00e9dias Bluetooth Channel<\/b>\u00a0Haut-parleur sans fil le plus vendu depuis une d\u00e9cennie.La connectivit\u00e9 sans fil offre des performances parfaites et une musique illimit\u00e9e<br \/>\n<b>Technologie Bluetooth pour une connexion pratique.<\/b><br \/>\nAvec la technologie avanc\u00e9e Bluetooth 5.0, le haut-parleur peut \u00eatre connect\u00e9 \u00e0 un PC, un t\u00e9l\u00e9phone portable, un Ipad et d&#8217;autres appareils \u00e9lectroniques.<br \/>\n<b>Traitement audio num\u00e9rique DSP<\/b><br \/>\nLe traitement audio num\u00e9rique DSP fournit une division de fr\u00e9quence \u00e9lectronique pr\u00e9cise et une gestion dynamique qui assure l&#8217;\u00e9quilibre entre la moyenne et la haute fr\u00e9quence.<\/p>\n<p><b>Bo\u00eete en bois, solide et stable<\/b><br \/>\nFabriqu\u00e9 avec un panneau de bois MDF de 9 mm &#8211; l&#8217;ext\u00e9rieur est solide, stable et structur\u00e9 pour r\u00e9duire efficacement les mauvaises r\u00e9sonances et produire un son net.<\/p>\n<p><b>Pompes des performances extraordinaires<\/b><br \/>\n\u00c9quip\u00e9 d&#8217;une grande unit\u00e9 de graves de 131 mm et d&#8217;un tube d&#8217;inversion de phase avant, il offre des basses puissantes et une atmosph\u00e8re de champ sonore panoramique.<br \/>\n<b>\u00c0 l&#8217;\u00e9coute professionnelle<\/b><br \/>\nFabriqu\u00e9 avec un c\u00f4ne \u00e0 bords en tissu \u00e0 double anneau de 70 mm et un diaphragme sp\u00e9cialement rev\u00eatu, il rend les hautes fr\u00e9quences transparentes et \u00e0 moyenne fr\u00e9quence moelleuses et pleines.<br \/>\n<b>Lecteur de carte USB Plug &amp; Play<\/b><br \/>\nLe R206BT prend en charge le plug-and-play de cl\u00e9 USB pour une utilisation rapide et pratique.<br \/>\n<b>Capacit\u00e9s multi-appareils<\/b><br \/>\nLa prise audio 3,5 mm int\u00e9gr\u00e9e a de multiples compatibilit\u00e9s avec PC, ordinateur portable, t\u00e9l\u00e9vision, t\u00e9l\u00e9phone portable, lecteur MP3 et autres appareils.<\/p>\n<p><b>Panneau lat\u00e9ral int\u00e9gr\u00e9 pour une utilisation facile<\/b><br \/>\nLe panneau lat\u00e9ral am\u00e9lior\u00e9 est con\u00e7u pour faciliter l&#8217;utilisation et la connexion, ce qui rend le haut-parleur convivial.<\/p>\n<p><b>Un haut-parleur parfait pour diverses utilisations audio.<\/b><br \/>\nRegarder des films &#8212; Immersif et dynamique<br \/>\nJouer \u00e0 des jeux &#8212; puissant et d\u00e9licieux<br \/>\n\u00c9couter de la musique &#8212; Son pur et touchant<\/p>","protected":false},"excerpt":{"rendered":"<p>&#8230;<\/p>","protected":false},"featured_media":13503,"comment_status":"open","ping_status":"closed","template":"","meta":{"om_disable_all_campaigns":false,"_mi_skip_tracking":false,"_monsterinsights_sitenote_active":false,"_monsterinsights_sitenote_note":"","_monsterinsights_sitenote_category":0},"etheme_brands":[{"term_id":164,"name":"Edifier","slug":"edifier","term_group":0,"term_taxonomy_id":164,"taxonomy":"brand","description":"","parent":0,"count":1,"filter":"raw","term_order":"0"}],"product_cat":[83,116],"product_tag":[],"aioseo_notices":[],"_links":{"self":[{"href":"https:\/\/gateway.haikode.online\/fr\/wp-json\/wp\/v2\/product\/12710"}],"collection":[{"href":"https:\/\/gateway.haikode.online\/fr\/wp-json\/wp\/v2\/product"}],"about":[{"href":"https:\/\/gateway.haikode.online\/fr\/wp-json\/wp\/v2\/types\/product"}],"replies":[{"embeddable":true,"href":"https:\/\/gateway.haikode.online\/fr\/wp-json\/wp\/v2\/comments?post=12710"}],"wp:featuredmedia":[{"embeddable":true,"href":"https:\/\/gateway.haikode.online\/fr\/wp-json\/wp\/v2\/media\/13503"}],"wp:attachment":[{"href":"https:\/\/gateway.haikode.online\/fr\/wp-json\/wp\/v2\/media?parent=12710"}],"wp:term":[{"taxonomy":"brand","embeddable":true,"href":"https:\/\/gateway.haikode.online\/fr\/wp-json\/wp\/v2\/etheme_brands?post=12710"},{"taxonomy":"product_cat","embeddable":true,"href":"https:\/\/gateway.haikode.online\/fr\/wp-json\/wp\/v2\/product_cat?post=12710"},{"taxonomy":"product_tag","embeddable":true,"href":"https:\/\/gateway.haikode.online\/fr\/wp-json\/wp\/v2\/product_tag?post=12710"}],"curies":[{"name":"wp","href":"https:\/\/api.w.org\/{rel}","templated":true}]}}