{"id":12703,"date":"2022-01-18T15:01:05","date_gmt":"2022-01-18T15:01:05","guid":{"rendered":"https:\/\/gateway.haikode.online\/?post_type=product&#038;p=12703"},"modified":"2022-07-18T18:49:45","modified_gmt":"2022-07-18T18:49:45","slug":"tg-tg-113c","status":"publish","type":"product","link":"https:\/\/gateway.haikode.online\/fr\/produit\/tg-tg-113c\/","title":{"rendered":"T&#038;G TG-113C"},"content":{"rendered":"<div data-spm-anchor-id=\"a2g0o.seodetail.detailmain.i1.34b3614bdS8LE5\">\n<strong>Mini haut-parleur Bluetooth Portable avec Radio, caisson de basses \u00e9tanche, haut-parleurs Bluetooth sans fil, haut-parleur st\u00e9r\u00e9o<\/strong><\/div>\n<div><\/div>\n<div><strong>Param\u00e8tre:<\/strong><\/div>\n<div><\/div>\n<div>Port\u00e9e de transmission sans fil: 10M<\/div>\n<div>Rapport de bruit Audio: environ 90db<\/div>\n<div>Capacit\u00e9 de la batterie: 1200mAh<\/div>\n<div>Tension int\u00e9gr\u00e9e: 3.7V<\/div>\n<div>Lecture du volume Normal: 2H ~ 4H<\/div>\n<div>Sp\u00e9cifications du haut-parleur: \u20ac 52MM * 2<\/div>\n<div>Puissance du haut-parleur: 4\u03a9\/5W * 2<\/div>\n<div>R\u00e9ponse en fr\u00e9quence: 120HZ-20KHZ<\/div>\n<div>Taille du produit: 75x75x172.8mm<\/div>\n<div>Poids: 458g (m\u00e9tal nu) + 105g (accessoires)<\/div>\n<div>Tension de charge: 5V\/500MA<\/div>\n<div>Support carte TF, disque u, AuX, radio FM, fonction de Support<\/div>","protected":false},"excerpt":{"rendered":"<p>&#8230;<\/p>","protected":false},"featured_media":13504,"comment_status":"open","ping_status":"closed","template":"","meta":{"om_disable_all_campaigns":false,"_mi_skip_tracking":false,"_monsterinsights_sitenote_active":false,"_monsterinsights_sitenote_note":"","_monsterinsights_sitenote_category":0},"etheme_brands":[],"product_cat":[83],"product_tag":[],"aioseo_notices":[],"_links":{"self":[{"href":"https:\/\/gateway.haikode.online\/fr\/wp-json\/wp\/v2\/product\/12703"}],"collection":[{"href":"https:\/\/gateway.haikode.online\/fr\/wp-json\/wp\/v2\/product"}],"about":[{"href":"https:\/\/gateway.haikode.online\/fr\/wp-json\/wp\/v2\/types\/product"}],"replies":[{"embeddable":true,"href":"https:\/\/gateway.haikode.online\/fr\/wp-json\/wp\/v2\/comments?post=12703"}],"wp:featuredmedia":[{"embeddable":true,"href":"https:\/\/gateway.haikode.online\/fr\/wp-json\/wp\/v2\/media\/13504"}],"wp:attachment":[{"href":"https:\/\/gateway.haikode.online\/fr\/wp-json\/wp\/v2\/media?parent=12703"}],"wp:term":[{"taxonomy":"brand","embeddable":true,"href":"https:\/\/gateway.haikode.online\/fr\/wp-json\/wp\/v2\/etheme_brands?post=12703"},{"taxonomy":"product_cat","embeddable":true,"href":"https:\/\/gateway.haikode.online\/fr\/wp-json\/wp\/v2\/product_cat?post=12703"},{"taxonomy":"product_tag","embeddable":true,"href":"https:\/\/gateway.haikode.online\/fr\/wp-json\/wp\/v2\/product_tag?post=12703"}],"curies":[{"name":"wp","href":"https:\/\/api.w.org\/{rel}","templated":true}]}}