{"id":12698,"date":"2022-01-18T14:56:41","date_gmt":"2022-01-18T14:56:41","guid":{"rendered":"https:\/\/gateway.haikode.online\/?post_type=product&#038;p=12698"},"modified":"2022-07-18T18:50:06","modified_gmt":"2022-07-18T18:50:06","slug":"tg-tg-135","status":"publish","type":"product","link":"https:\/\/gateway.haikode.online\/fr\/produit\/tg-tg-135\/","title":{"rendered":"T&#038;G TG-135"},"content":{"rendered":"<p>Lecture de la connexion Bluetooth, piste musicale du produit de contr\u00f4le des touches, taille du volume; r\u00e9pondeur mains libres pour prendre en charge l&#8217;affichage de l&#8217;alimentation iOS \/ Android, lire des chansons mp3 sur des cartes TF ou USB, des disques, prendre en charge la lecture d&#8217;entr\u00e9e audio auxiliaire et avec la fonction radio FM.<\/p>\n<p>Courant de tension de charge: dc 5v \/ 1a, temps plein: 3 heures,<\/p>\n<p>Temps de diffusion complet: 2-3 heures.<\/p>\n<p>Classification des couleurs: noir rouge bleu camouflage croix bande rouge fleur bleu<\/p>\n<p>Accessoires: fil de charge USB * 1 racine, fil audio * 1, manuel * 1, emballage en carton neutre.<\/p>\n<p>Volume du haut-parleur: 245 * 94 * 60mm<\/p>\n<p>Poids du produit 1240g.<\/p>\n<p>Sp\u00e9cifications d&#8217;emballage: 20 ensembles \/ bo\u00eetes, poids net 24,8 kg \/ poids brut 25,8 kg,<\/p>\n<p>Caract\u00e9ristiques audio Bluetooth du TG 135: nouveaux haut-parleurs Bluetooth ext\u00e9rieurs portables, 2 haut-parleurs magn\u00e9tiques haute puissance int\u00e9gr\u00e9s de 10 W, avec un film de vibration des basses agrandi.<\/p>\n<p>La batterie au lithium rechargeable int\u00e9gr\u00e9e de 2400 mAh est facile \u00e0 transporter apr\u00e8s avoir \u00e9t\u00e9 pleine d&#8217;\u00e9lectricit\u00e9.<\/p>\n<p>Couleur Al\u00e9atoire<\/p>","protected":false},"excerpt":{"rendered":"<p>&#8230;<\/p>","protected":false},"featured_media":13505,"comment_status":"open","ping_status":"closed","template":"","meta":{"om_disable_all_campaigns":false,"_mi_skip_tracking":false,"_monsterinsights_sitenote_active":false,"_monsterinsights_sitenote_note":"","_monsterinsights_sitenote_category":0},"etheme_brands":[],"product_cat":[83],"product_tag":[],"aioseo_notices":[],"_links":{"self":[{"href":"https:\/\/gateway.haikode.online\/fr\/wp-json\/wp\/v2\/product\/12698"}],"collection":[{"href":"https:\/\/gateway.haikode.online\/fr\/wp-json\/wp\/v2\/product"}],"about":[{"href":"https:\/\/gateway.haikode.online\/fr\/wp-json\/wp\/v2\/types\/product"}],"replies":[{"embeddable":true,"href":"https:\/\/gateway.haikode.online\/fr\/wp-json\/wp\/v2\/comments?post=12698"}],"wp:featuredmedia":[{"embeddable":true,"href":"https:\/\/gateway.haikode.online\/fr\/wp-json\/wp\/v2\/media\/13505"}],"wp:attachment":[{"href":"https:\/\/gateway.haikode.online\/fr\/wp-json\/wp\/v2\/media?parent=12698"}],"wp:term":[{"taxonomy":"brand","embeddable":true,"href":"https:\/\/gateway.haikode.online\/fr\/wp-json\/wp\/v2\/etheme_brands?post=12698"},{"taxonomy":"product_cat","embeddable":true,"href":"https:\/\/gateway.haikode.online\/fr\/wp-json\/wp\/v2\/product_cat?post=12698"},{"taxonomy":"product_tag","embeddable":true,"href":"https:\/\/gateway.haikode.online\/fr\/wp-json\/wp\/v2\/product_tag?post=12698"}],"curies":[{"name":"wp","href":"https:\/\/api.w.org\/{rel}","templated":true}]}}