{"id":12684,"date":"2022-01-18T14:46:55","date_gmt":"2022-01-18T14:46:55","guid":{"rendered":"https:\/\/gateway.haikode.online\/?post_type=product&#038;p=12684"},"modified":"2022-06-13T19:25:01","modified_gmt":"2022-06-13T19:25:01","slug":"sodo-sd-1005","status":"publish","type":"product","link":"https:\/\/gateway.haikode.online\/fr\/produit\/sodo-sd-1005\/","title":{"rendered":"SODO SD-1005"},"content":{"rendered":"<p class=\"detail-desc-decorate-title\">\u00c9couteurs Bluetooth sur l&#8217;oreille SODO, casque sans fil confortable, casque st\u00e9r\u00e9o Bluetooth 5.0 avec Support de micro, carte TF, Radio FM<\/p>\n<p class=\"detail-desc-decorate-content\" data-spm-anchor-id=\"a2g0o.seodetail.detailmain.i1.764715b4VuThTm\">1. La fonction MP3 Bluetooth prend en charge la lecture de musique st\u00e9r\u00e9o, les appels t\u00e9l\u00e9phoniques<br \/>\n2. Prend en charge tous les appareils audio dot\u00e9s d&#8217;une capacit\u00e9 Bluetooth, tels que t\u00e9l\u00e9phone portable, tablette PC, ordinateur portable, ordinateur, etc.<br \/>\n3. Avec insertion de carte SD, sans aucun appareil bluetooth, peut toujours profiter de la musique \u00e0 tout moment n&#8217;importe o\u00f9.<br \/>\n4. \u00c9couteurs supportant la radio FM<br \/>\n5. Prise audio de 3.5mm, fournit une connexion filaire simple de divers appareils sans Bluetooth.<br \/>\n6. Vous permet de r\u00e9pondre ou de rejeter les appels t\u00e9l\u00e9phoniques \u00e0 tout moment et en tout lieu.<br \/>\n7. Charg\u00e9 via USB, batterie rechargeable, pratique et pratique.<br \/>\n8. Temps de lecture jusqu&#8217;\u00e0 10-12 h, et temps de conversation continu jusqu&#8217;\u00e0 12 heures, temps de veille jusqu&#8217;\u00e0 320 heures.<br \/>\n9. Bonne qualit\u00e9, conception de charni\u00e8res \u00e0 longueur r\u00e9glable, tr\u00e8s confortable \u00e0 porter et facile \u00e0 transporter.<br \/>\n10. Meilleur choix pour \u00e9couter de la musique, regarder un film, chatter en ligne, etc.<\/p>\n<p>Nom de marque: SODO<br \/>\nNum\u00e9ro de mod\u00e8le: SD-1005<br \/>\nStyle: bandeau, sur l&#8217;oreille<br \/>\nCommunication: Sans Fil<br \/>\nHaut-parleur 32ohm, 40mm<br \/>\nMicrophone Int\u00e9gr\u00e9<br \/>\nConnecteurs: 3.5mm<br \/>\nUtilisation: lecteur multim\u00e9dia Portable, t\u00e9l\u00e9phone Portable, Aviation, ordinateur, DJ, sport, voyage<br \/>\nFonction: Bluetooth\/Microphone\/appels t\u00e9l\u00e9phoniques mains libres\/TF\/FM\/AUX-IN<br \/>\nLongueur Du cordon: sans fil<br \/>\nNorme Bluetooth: Bluetooth v5.0<br \/>\nSupporter HFP\/HSP.A2DP\/AVPCP<br \/>\nTemps de jeu: 10-12h<br \/>\nVersion BT: V5.0<br \/>\nTemps de charge: 2hrs<br \/>\nPlage de fonctionnement: 10 m\u00e8tres<\/p>","protected":false},"excerpt":{"rendered":"<p>&#8230;<\/p>","protected":false},"featured_media":13515,"comment_status":"open","ping_status":"closed","template":"","meta":{"om_disable_all_campaigns":false,"_mi_skip_tracking":false,"_monsterinsights_sitenote_active":false,"_monsterinsights_sitenote_note":"","_monsterinsights_sitenote_category":0},"etheme_brands":[],"product_cat":[110],"product_tag":[],"aioseo_notices":[],"_links":{"self":[{"href":"https:\/\/gateway.haikode.online\/fr\/wp-json\/wp\/v2\/product\/12684"}],"collection":[{"href":"https:\/\/gateway.haikode.online\/fr\/wp-json\/wp\/v2\/product"}],"about":[{"href":"https:\/\/gateway.haikode.online\/fr\/wp-json\/wp\/v2\/types\/product"}],"replies":[{"embeddable":true,"href":"https:\/\/gateway.haikode.online\/fr\/wp-json\/wp\/v2\/comments?post=12684"}],"wp:featuredmedia":[{"embeddable":true,"href":"https:\/\/gateway.haikode.online\/fr\/wp-json\/wp\/v2\/media\/13515"}],"wp:attachment":[{"href":"https:\/\/gateway.haikode.online\/fr\/wp-json\/wp\/v2\/media?parent=12684"}],"wp:term":[{"taxonomy":"brand","embeddable":true,"href":"https:\/\/gateway.haikode.online\/fr\/wp-json\/wp\/v2\/etheme_brands?post=12684"},{"taxonomy":"product_cat","embeddable":true,"href":"https:\/\/gateway.haikode.online\/fr\/wp-json\/wp\/v2\/product_cat?post=12684"},{"taxonomy":"product_tag","embeddable":true,"href":"https:\/\/gateway.haikode.online\/fr\/wp-json\/wp\/v2\/product_tag?post=12684"}],"curies":[{"name":"wp","href":"https:\/\/api.w.org\/{rel}","templated":true}]}}