{"id":12676,"date":"2022-01-18T14:34:58","date_gmt":"2022-01-18T14:34:58","guid":{"rendered":"https:\/\/gateway.haikode.online\/?post_type=product&#038;p=12676"},"modified":"2023-02-04T21:05:01","modified_gmt":"2023-02-04T21:05:01","slug":"soundpeats-trueair-2","status":"publish","type":"product","link":"https:\/\/gateway.haikode.online\/fr\/produit\/soundpeats-trueair-2\/","title":{"rendered":"SoundPEATS TrueAir 2+"},"content":{"rendered":"<h1 id=\"title\" class=\"a-size-large a-spacing-none\" align=\"start\"><strong><span class=\"a-size-large product-title-word-break\" data-spm-anchor-id=\"a2g0o.detail.1000023.i0.14b7598covf4N0\">SoundPEATS TrueAir2 nouvelle Version \u00e9couteurs sans fil Bluetooth V5.2 \u00e9couteurs sans fil avec Qualcomm QCC3040, mise en miroir TrueWireless, technologie \u00e0 4 microphones et CVC 8.0 annulation du bruit, Codec aptX, Total 25 heures<\/span><\/strong><\/h1>\n<p><strong>[Qualcomm 3040 et Bluetooth 5.2]<\/strong>-La derni\u00e8re puce Qualcomm QCC3040 est int\u00e9gr\u00e9e dans ces \u00e9couteurs sans fil SoundPEATS et la technologie Bluetooth 5.2, qui apporte une mise \u00e0 niveau compl\u00e8te \u00e0 tous les niveaux pour assurer une connexion impeccable (75% plus stable que la derni\u00e8re g\u00e9n\u00e9ration) et son am\u00e9lior\u00e9.<\/p>\n<p><strong>[Double micro et annulation du bruit cVc]<\/strong>-L&#8217;arithm\u00e9tique d&#8217;annulation du bruit de qualit\u00e9 sup\u00e9rieure garantit des appels clairs sans aucune interruption ou d\u00e9connexion avec un double micro dans chaque \u00e9couteur sans fil et une technologie am\u00e9lior\u00e9e d&#8217;annulation du bruit cVc, parfaite pour les conf\u00e9rences t\u00e9l\u00e9phoniques, cours en ligne et vid\u00e9o\/chat vocal.<\/p>\n<p><strong>[Mise en miroir sans fil et connexion sans couture]<\/strong>-Mise \u00e0 niveau sur TWS Plus, la technologie de mise en miroir TrueWireless avanc\u00e9e \u00e9quilibre la consommation entre deux \u00e9couteurs bluetooth sans fil et am\u00e9liore au maximum la stabilit\u00e9 de la connexion m\u00eame dans des circonstances de fr\u00e9quence radio m\u00e9diocre, pour fournir une transmission audio transparente et fiable avec une faible consommation.<\/p>\n<p><strong>[Son m\u00e9lodieux &amp; 25 heures]<\/strong>-Le pilote de diaphragme bio-compos\u00e9 de 14.2mm \u00e0 l&#8217;int\u00e9rieur et le codec aptX analysent pr\u00e9cis\u00e9ment les d\u00e9tails et restituent un son r\u00e9aliste pour passer des notes magnifiques et donner une exp\u00e9rience immersive. Avec 5 heures de jeu par charge et 4 autres recharges par \u00e9tui de charge, ces \u00e9couteurs sans fil SoundPEATS peuvent prolonger votre plaisir et enrichir votre temps de loisirs.<\/p>\n<p>[Ultra l\u00e9ger et confortable \u00e0 porter]-avec un seul \u00e9couteur bluetooth pesant 0.14oz et un \u00e9tui de chargement pesant 0.95oz, la conception compacte et portable offre une texture visible. Les \u00e9couteurs bluetooth sans fil semi-intra-auriculaires avec bo\u00eetier givr\u00e9 supportent un port de longue dur\u00e9e sans aucune g\u00eane.<\/p>","protected":false},"excerpt":{"rendered":"<p>&#8230;<\/p>","protected":false},"featured_media":13521,"comment_status":"open","ping_status":"closed","template":"","meta":{"om_disable_all_campaigns":false,"_mi_skip_tracking":false,"_monsterinsights_sitenote_active":false,"_monsterinsights_sitenote_note":"","_monsterinsights_sitenote_category":0},"etheme_brands":[{"term_id":148,"name":"SoundPEATS","slug":"soundpeats","term_group":0,"term_taxonomy_id":148,"taxonomy":"brand","description":"","parent":0,"count":4,"filter":"raw","term_order":"0"}],"product_cat":[110],"product_tag":[],"aioseo_notices":[],"_links":{"self":[{"href":"https:\/\/gateway.haikode.online\/fr\/wp-json\/wp\/v2\/product\/12676"}],"collection":[{"href":"https:\/\/gateway.haikode.online\/fr\/wp-json\/wp\/v2\/product"}],"about":[{"href":"https:\/\/gateway.haikode.online\/fr\/wp-json\/wp\/v2\/types\/product"}],"replies":[{"embeddable":true,"href":"https:\/\/gateway.haikode.online\/fr\/wp-json\/wp\/v2\/comments?post=12676"}],"wp:featuredmedia":[{"embeddable":true,"href":"https:\/\/gateway.haikode.online\/fr\/wp-json\/wp\/v2\/media\/13521"}],"wp:attachment":[{"href":"https:\/\/gateway.haikode.online\/fr\/wp-json\/wp\/v2\/media?parent=12676"}],"wp:term":[{"taxonomy":"brand","embeddable":true,"href":"https:\/\/gateway.haikode.online\/fr\/wp-json\/wp\/v2\/etheme_brands?post=12676"},{"taxonomy":"product_cat","embeddable":true,"href":"https:\/\/gateway.haikode.online\/fr\/wp-json\/wp\/v2\/product_cat?post=12676"},{"taxonomy":"product_tag","embeddable":true,"href":"https:\/\/gateway.haikode.online\/fr\/wp-json\/wp\/v2\/product_tag?post=12676"}],"curies":[{"name":"wp","href":"https:\/\/api.w.org\/{rel}","templated":true}]}}