{"id":12667,"date":"2022-01-18T14:26:33","date_gmt":"2022-01-18T14:26:33","guid":{"rendered":"https:\/\/gateway.haikode.online\/?post_type=product&#038;p=12667"},"modified":"2024-06-03T02:39:14","modified_gmt":"2024-06-03T02:39:14","slug":"soundpeats-air-3","status":"publish","type":"product","link":"https:\/\/gateway.haikode.online\/fr\/produit\/soundpeats-air-3\/","title":{"rendered":"SoundPEATS Air 3"},"content":{"rendered":"<p style=\"text-align: center;\" align=\"center\"><strong data-spm-anchor-id=\"a2g0o.detail.1000023.i1.34c63078ahrutx\">SoundPEATS \u2013 \u00e9couteurs sans fil Air3 QCC3040 Bluetooth V5.2, oreillettes AptX adaptatives, 4 micros + CVC annulation du bruit, d\u00e9tection intra-auriculaire<\/strong><\/p>\n<p style=\"text-align: left;\" align=\"left\"><strong><span data-spm-anchor-id=\"a2g0o.detail.1000023.i0.34c63078ahrutx\">Taille Ultra petite avec diverses fonctions<\/span><\/strong><\/p>\n<p style=\"text-align: left;\">Afin de s&#8217;adapter \u00e0 un style de vie compact, SOUNDPEATS a \u00e9t\u00e9 con\u00e7u pour \u00eatre la plus petite taille de l&#8217;histoire, ce nouveau mod\u00e8le est compact et facile \u00e0 transporter. La technologie de pointe se condense dans un petit \u00e9tui, ce qui le rend plus petit que le TrueAir 2 traditionnel, de sorte que m\u00eame les femmes ayant de petits trous d&#8217;oreille, il est plus pratique \u00e0 transporter sans se sentir encombrant.<\/p>\n<div style=\"text-align: left;\"><\/div>\n<p style=\"text-align: left;\"><strong>Meilleur son que le pilote dynamique de 0.6 pouces (14.2mm)<\/strong><\/p>\n<p style=\"text-align: left;\">Sur la base du VGP 2021 EC co\u00fbt Award et du d\u00e9partement Gold Award, nous avons am\u00e9lior\u00e9 et r\u00e9gl\u00e9 le diaphragme bio\u00e9lectrique de 0.6 pouces (14.2mm). Son 3D riche et exp\u00e9rience d&#8217;\u00e9coute naturelle, restauration de texture et de d\u00e9tails r\u00e9alistes. Profitez du volume des basses que vous pouvez attendre d&#8217;un gros calibre et du champ sonore ouvert et naturel qui est unique au type d&#8217;oreille interne.<\/p>\n<div style=\"text-align: left;\"><\/div>\n<p style=\"text-align: left;\"><strong>Prend en charge aptX Adaptatif Codec<\/strong><\/p>\n<p style=\"text-align: left;\">Avec la derni\u00e8re am\u00e9lioration du saut de son et de la perte de son dans aptX conventionnel. Transfert de donn\u00e9es \u00e0 un d\u00e9bit binaire fixe, il y a donc beaucoup d&#8217;interruptions sonores et le bruit peut se produire en fonction de l&#8217;environnement o\u00f9 la communication est encombr\u00e9e et des fuseaux horaires. AptX adaptatif vous permet de cr\u00e9er un environnement d&#8217;\u00e9coute audio stable avec une faible latence en modifiant le d\u00e9bit binaire de transfert en fonction de l&#8217;\u00e9tat du signal et de la quantit\u00e9 de donn\u00e9es dans votre environnement d&#8217;\u00e9coute. S&#8217;adapte automatiquement \u00e0 la qualit\u00e9 sonore optimale et au retard pour un plaisir sans stress dans diverses situations, telles que la musique, les vid\u00e9os et les jeux.<\/p>\n<div style=\"text-align: left;\"><\/div>\n<p style=\"text-align: left;\"><strong>Bluetooth 5.2<\/strong><\/p>\n<p style=\"text-align: left;\">Adopte le dernier Qualcomm SoC \u00abQCC3040\u00bb, qui est conforme \u00e0 Bluetooth 5.2. Prend en charge le syst\u00e8me de connexion sp\u00e9cifique \u00e0 l&#8217;appareil \u00abTrueWireless Mirroring\u00bb et prend en charge le codec audio grand public de nouvelle g\u00e9n\u00e9ration, aptX adaptatif. Non seulement il est tr\u00e8s \u00e9conome en \u00e9nergie, mais il bascule \u00e9galement automatiquement entre les appareils parent-enfant \u00e0 mesure que l&#8217;environnement change et ajuste automatiquement le d\u00e9bit binaire de transfert de donn\u00e9es. Stabilit\u00e9 de connexion am\u00e9lior\u00e9e, port\u00e9e de connexion et autonomie de la batterie.<\/p>\n<div style=\"text-align: left;\"><\/div>\n<p style=\"text-align: left;\"><strong>Fonction de d\u00e9tection intra-auriculaire<\/strong><\/p>\n<p style=\"text-align: left;\">La technologie de d\u00e9tection intra-auriculaire vous permet de jouer ou de faire une pause une fois les \u00e9couteurs mis ou retir\u00e9s, pas besoin de contr\u00f4ler l&#8217;appareil ou de toucher l&#8217;\u00e9couteur, tr\u00e8s pratique<\/p>\n<p style=\"text-align: left;\"><strong>Note:<\/strong>Par rapport aux autres appareils \u00e9lectroniques, les \u00e9couteurs sont des produits de faible puissance. Par cons\u00e9quent, pour la s\u00e9curit\u00e9 de charge, veuillez vous assurer que le courant de charge n&#8217;est pas sup\u00e9rieur \u00e0 5V 1A. Veuillez ne pas utiliser de chargeur rapide. L&#8217;utilisation \u00e0 Long terme d&#8217;un adaptateur inappropri\u00e9 pour charger endommagera le bo\u00eetier.<\/p>\n<p style=\"text-align: left;\">Si le bo\u00eetier et les \u00e9couteurs sont ab\u00eem\u00e9s en utilisant un mauvais adaptateur, ce genre de dommages caus\u00e9s par l&#8217;homme n&#8217;est pas couvert par la garantie.<\/p>","protected":false},"excerpt":{"rendered":"<p>&#8230;<\/p>","protected":false},"featured_media":14102,"comment_status":"open","ping_status":"closed","template":"","meta":{"om_disable_all_campaigns":false,"_mi_skip_tracking":false,"_monsterinsights_sitenote_active":false,"_monsterinsights_sitenote_note":"","_monsterinsights_sitenote_category":0},"etheme_brands":[{"term_id":148,"name":"SoundPEATS","slug":"soundpeats","term_group":0,"term_taxonomy_id":148,"taxonomy":"brand","description":"","parent":0,"count":4,"filter":"raw","term_order":"0"}],"product_cat":[110],"product_tag":[],"aioseo_notices":[],"_links":{"self":[{"href":"https:\/\/gateway.haikode.online\/fr\/wp-json\/wp\/v2\/product\/12667"}],"collection":[{"href":"https:\/\/gateway.haikode.online\/fr\/wp-json\/wp\/v2\/product"}],"about":[{"href":"https:\/\/gateway.haikode.online\/fr\/wp-json\/wp\/v2\/types\/product"}],"replies":[{"embeddable":true,"href":"https:\/\/gateway.haikode.online\/fr\/wp-json\/wp\/v2\/comments?post=12667"}],"wp:featuredmedia":[{"embeddable":true,"href":"https:\/\/gateway.haikode.online\/fr\/wp-json\/wp\/v2\/media\/14102"}],"wp:attachment":[{"href":"https:\/\/gateway.haikode.online\/fr\/wp-json\/wp\/v2\/media?parent=12667"}],"wp:term":[{"taxonomy":"brand","embeddable":true,"href":"https:\/\/gateway.haikode.online\/fr\/wp-json\/wp\/v2\/etheme_brands?post=12667"},{"taxonomy":"product_cat","embeddable":true,"href":"https:\/\/gateway.haikode.online\/fr\/wp-json\/wp\/v2\/product_cat?post=12667"},{"taxonomy":"product_tag","embeddable":true,"href":"https:\/\/gateway.haikode.online\/fr\/wp-json\/wp\/v2\/product_tag?post=12667"}],"curies":[{"name":"wp","href":"https:\/\/api.w.org\/{rel}","templated":true}]}}