{"id":12660,"date":"2022-01-18T14:19:46","date_gmt":"2022-01-18T14:19:46","guid":{"rendered":"https:\/\/gateway.haikode.online\/?post_type=product&#038;p=12660"},"modified":"2023-01-02T14:59:29","modified_gmt":"2023-01-02T14:59:29","slug":"qcy-t8","status":"publish","type":"product","link":"https:\/\/gateway.haikode.online\/fr\/produit\/qcy-t8\/","title":{"rendered":"QCY T8"},"content":{"rendered":"<p>1. 13mm pilote dynamique qualit\u00e9 sonore HIFI.<br \/>\n2. 17.5H plus longue dur\u00e9e de vie de la batterie interface type-c.<br \/>\n3. Ouvrez le couvercle pour connecter le ramassage \u00e0 utiliser.<br \/>\n4. Appuyez sur appairage Popup pour vous connecter.<br \/>\n5. Supporter QCY APP d\u00e9verrouiller plus de fonctions.<br \/>\n6, mis, jouer, d\u00e9coller, faire une pause.<br \/>\n7. mode de faible retard profitez de vid\u00e9os sans fil.<br \/>\n8. Connexion Bluetooth 5.1 plus rapide et plus stable.<br \/>\n9. Commande tactile op\u00e9ration facile.<\/p>\n<p>Z\u00e9ro sensation de lumi\u00e8re, apparence superbe.<br \/>\nApr\u00e8s avoir \u00e9t\u00e9 soigneusement con\u00e7u par les meilleurs designers de Hele, le T8 brise les limites de conception ant\u00e9rieures.<br \/>\nLa coque \u00e9l\u00e9gante et profil\u00e9e du compartiment de chargement, le mat\u00e9riau brillant des \u00e9couteurs et le type semi-intra-auriculaire ergonomique s&#8217;adaptent mieux \u00e0 votre oreillette et vous apportent plus<br \/>\nExp\u00e9rience de port confortable et stable.<\/p>","protected":false},"excerpt":{"rendered":"<p>&#8230;<\/p>","protected":false},"featured_media":13532,"comment_status":"open","ping_status":"closed","template":"","meta":{"om_disable_all_campaigns":false,"_mi_skip_tracking":false,"_monsterinsights_sitenote_active":false,"_monsterinsights_sitenote_note":"","_monsterinsights_sitenote_category":0},"etheme_brands":[],"product_cat":[110],"product_tag":[],"aioseo_notices":[],"_links":{"self":[{"href":"https:\/\/gateway.haikode.online\/fr\/wp-json\/wp\/v2\/product\/12660"}],"collection":[{"href":"https:\/\/gateway.haikode.online\/fr\/wp-json\/wp\/v2\/product"}],"about":[{"href":"https:\/\/gateway.haikode.online\/fr\/wp-json\/wp\/v2\/types\/product"}],"replies":[{"embeddable":true,"href":"https:\/\/gateway.haikode.online\/fr\/wp-json\/wp\/v2\/comments?post=12660"}],"wp:featuredmedia":[{"embeddable":true,"href":"https:\/\/gateway.haikode.online\/fr\/wp-json\/wp\/v2\/media\/13532"}],"wp:attachment":[{"href":"https:\/\/gateway.haikode.online\/fr\/wp-json\/wp\/v2\/media?parent=12660"}],"wp:term":[{"taxonomy":"brand","embeddable":true,"href":"https:\/\/gateway.haikode.online\/fr\/wp-json\/wp\/v2\/etheme_brands?post=12660"},{"taxonomy":"product_cat","embeddable":true,"href":"https:\/\/gateway.haikode.online\/fr\/wp-json\/wp\/v2\/product_cat?post=12660"},{"taxonomy":"product_tag","embeddable":true,"href":"https:\/\/gateway.haikode.online\/fr\/wp-json\/wp\/v2\/product_tag?post=12660"}],"curies":[{"name":"wp","href":"https:\/\/api.w.org\/{rel}","templated":true}]}}