{"id":12648,"date":"2022-01-18T14:12:22","date_gmt":"2022-01-18T14:12:22","guid":{"rendered":"https:\/\/gateway.haikode.online\/?post_type=product&#038;p=12648"},"modified":"2023-04-03T13:08:07","modified_gmt":"2023-04-03T13:08:07","slug":"lenovo-lp5","status":"publish","type":"product","link":"https:\/\/gateway.haikode.online\/fr\/produit\/lenovo-lp5\/","title":{"rendered":"Lenovo LP5"},"content":{"rendered":"<p><strong>.Description<\/strong>:<br \/>\nLenovo LP5 \u2013 \u00e9couteurs sans fil BT5.0, faible latence, appairage, suppression du bruit, \u00e9couteurs de sport, pilote dynamique 13mm, oreillettes intra-auriculaires avec micro<\/p>\n<p><strong>2. Caract\u00e9ristiques<\/strong>:<br \/>\n<strong>BT5.0:<\/strong><br \/>\nFaites l&#8217;exp\u00e9rience d&#8217;un appairage \u00e0 faible latence lorsque vous connectez LP5 \u00e0 votre t\u00e9l\u00e9phone pendant que vous jouez \u00e0 des jeux.<br \/>\n<strong>Longue Endurance 24H:<\/strong><br \/>\nLa batterie de 35mAh dans chaque \u00e9couteur offre environ 7 heures de musique. Les \u00e9couteurs peuvent \u00eatre charg\u00e9s automatiquement dans le bo\u00eetier de charge de 250mAh.<br \/>\n<strong>Type intra-auriculaire + suppression du bruit ENC:<\/strong><br \/>\nLenovo LP5 \u00e9liminera le bruit de fond pour des enregistrements vocaux clairs et des appels faciles \u00e0 entendre.<br \/>\n<strong>Pilote dynamique de 13mm:<\/strong><br \/>\nProfitez de tons plus riches, de voix plus claires et de basses plus profondes gr\u00e2ce \u00e0 un pilote dynamique de 13mm.<\/p>\n<p><strong>3. Sp\u00e9cification:<\/strong><br \/>\nNom de l&#8217;article:<strong>Lenovo LP5 \u00c9couteur Sans Fil<\/strong><br \/>\nCouleur: blanc\/noir\/argent<br \/>\nVersion BT: BT 5.0<br \/>\nPort\u00e9e sans fil: \u2264 10m (sans obstacles)<br \/>\nMode de Manipulation: contr\u00f4le tactile<br \/>\nType: casque intra-auriculaire<br \/>\nPilote dynamique: 13mm<br \/>\nR\u00e9duction du bruit: Oui<br \/>\nImp\u00e9dance: 32\u03a9 \u00b1 15%<br \/>\nGamme de fr\u00e9quence: 20Hz-20KHz<br \/>\nNiveau imperm\u00e9able \u00e0 l&#8217;eau: IPX5<br \/>\nCapacit\u00e9 de la batterie (mAh): 35mAh (par \u00e9couteur), 250mAh (entrep\u00f4t rechargeable)<br \/>\nPoids: 3.6g (par \u00e9couteur)<\/p>\n<p><strong>5. Liste des paquets:<\/strong><br \/>\n1 * paire deLenovo LP5<br \/>\n1 * \u00c9tui de charge<br \/>\n1 * C\u00e2ble de charge<br \/>\n1 * manuel<\/p>","protected":false},"excerpt":{"rendered":"<p>&#8230;<\/p>","protected":false},"featured_media":13533,"comment_status":"open","ping_status":"closed","template":"","meta":{"om_disable_all_campaigns":false,"_mi_skip_tracking":false,"_monsterinsights_sitenote_active":false,"_monsterinsights_sitenote_note":"","_monsterinsights_sitenote_category":0},"etheme_brands":[{"term_id":165,"name":"Lenovo","slug":"lenovo","term_group":0,"term_taxonomy_id":165,"taxonomy":"brand","description":"","parent":0,"count":8,"filter":"raw","term_order":"0"}],"product_cat":[110],"product_tag":[],"aioseo_notices":[],"_links":{"self":[{"href":"https:\/\/gateway.haikode.online\/fr\/wp-json\/wp\/v2\/product\/12648"}],"collection":[{"href":"https:\/\/gateway.haikode.online\/fr\/wp-json\/wp\/v2\/product"}],"about":[{"href":"https:\/\/gateway.haikode.online\/fr\/wp-json\/wp\/v2\/types\/product"}],"replies":[{"embeddable":true,"href":"https:\/\/gateway.haikode.online\/fr\/wp-json\/wp\/v2\/comments?post=12648"}],"wp:featuredmedia":[{"embeddable":true,"href":"https:\/\/gateway.haikode.online\/fr\/wp-json\/wp\/v2\/media\/13533"}],"wp:attachment":[{"href":"https:\/\/gateway.haikode.online\/fr\/wp-json\/wp\/v2\/media?parent=12648"}],"wp:term":[{"taxonomy":"brand","embeddable":true,"href":"https:\/\/gateway.haikode.online\/fr\/wp-json\/wp\/v2\/etheme_brands?post=12648"},{"taxonomy":"product_cat","embeddable":true,"href":"https:\/\/gateway.haikode.online\/fr\/wp-json\/wp\/v2\/product_cat?post=12648"},{"taxonomy":"product_tag","embeddable":true,"href":"https:\/\/gateway.haikode.online\/fr\/wp-json\/wp\/v2\/product_tag?post=12648"}],"curies":[{"name":"wp","href":"https:\/\/api.w.org\/{rel}","templated":true}]}}