{"id":12617,"date":"2022-01-18T13:39:20","date_gmt":"2022-01-18T13:39:20","guid":{"rendered":"https:\/\/gateway.haikode.online\/?post_type=product&#038;p=12617"},"modified":"2022-12-29T13:28:31","modified_gmt":"2022-12-29T13:28:31","slug":"nokia-150","status":"publish","type":"product","link":"https:\/\/gateway.haikode.online\/fr\/produit\/nokia-150\/","title":{"rendered":"Nokia 150"},"content":{"rendered":"<p>Le Nokia 150 sublime l&#8217;essentiel. Naviguer devient facile gr\u00e2ce \u00e0 son design en longueur, son \u00e9cran de 2,4\u00a0pouces et ses touches ergonomiques plus grandes que jamais. Trouver votre prochain morceau,en utilisant la radio\u00a0FM et le lecteur\u00a0MP3<sup>1<\/sup>. Il ne s&#8217;arr\u00eate jamais avec sa batterie qui dure des semaines en une seule charge. Capturez les moments importants gr\u00e2ce \u00e0 l&#8217;appareil photo VGA<sup>2<\/sup>\u00a0avec flash, puis partagez-les en Bluetooth<sup>3<\/sup>. Le divertissement continue m\u00eame en d\u00e9placement\u00a0\u2013 avec des jeux fantastiques comme l&#8217;incontournable Snake Xenzia\u00a0\u2013 et pour longtemps gr\u00e2ce \u00e0 sa long\u00e9vit\u00e9 sans faille.<\/p>","protected":false},"excerpt":{"rendered":"<p>&#8230;<\/p>","protected":false},"featured_media":13558,"comment_status":"open","ping_status":"closed","template":"","meta":{"om_disable_all_campaigns":false,"_mi_skip_tracking":false,"_monsterinsights_sitenote_active":false,"_monsterinsights_sitenote_note":"","_monsterinsights_sitenote_category":0},"etheme_brands":[{"term_id":166,"name":"Nokia","slug":"nokia","term_group":0,"term_taxonomy_id":166,"taxonomy":"brand","description":"","parent":0,"count":1,"filter":"raw","term_order":"0"}],"product_cat":[109],"product_tag":[],"aioseo_notices":[],"_links":{"self":[{"href":"https:\/\/gateway.haikode.online\/fr\/wp-json\/wp\/v2\/product\/12617"}],"collection":[{"href":"https:\/\/gateway.haikode.online\/fr\/wp-json\/wp\/v2\/product"}],"about":[{"href":"https:\/\/gateway.haikode.online\/fr\/wp-json\/wp\/v2\/types\/product"}],"replies":[{"embeddable":true,"href":"https:\/\/gateway.haikode.online\/fr\/wp-json\/wp\/v2\/comments?post=12617"}],"wp:featuredmedia":[{"embeddable":true,"href":"https:\/\/gateway.haikode.online\/fr\/wp-json\/wp\/v2\/media\/13558"}],"wp:attachment":[{"href":"https:\/\/gateway.haikode.online\/fr\/wp-json\/wp\/v2\/media?parent=12617"}],"wp:term":[{"taxonomy":"brand","embeddable":true,"href":"https:\/\/gateway.haikode.online\/fr\/wp-json\/wp\/v2\/etheme_brands?post=12617"},{"taxonomy":"product_cat","embeddable":true,"href":"https:\/\/gateway.haikode.online\/fr\/wp-json\/wp\/v2\/product_cat?post=12617"},{"taxonomy":"product_tag","embeddable":true,"href":"https:\/\/gateway.haikode.online\/fr\/wp-json\/wp\/v2\/product_tag?post=12617"}],"curies":[{"name":"wp","href":"https:\/\/api.w.org\/{rel}","templated":true}]}}