{"id":12393,"date":"2021-12-23T12:54:40","date_gmt":"2021-12-23T12:54:40","guid":{"rendered":"https:\/\/gateway.haikode.online\/?post_type=product&#038;p=12393"},"modified":"2024-06-03T04:08:50","modified_gmt":"2024-06-03T04:08:50","slug":"tp-link-tl-sf1005d-5-port-switch","status":"publish","type":"product","link":"https:\/\/gateway.haikode.online\/fr\/produit\/tp-link-tl-sf1005d-5-port-switch\/","title":{"rendered":"TP-LINK TL-SF1005D 5-PORT SWITCH"},"content":{"rendered":"<ul>\n<li>5 ports RJ45 auto-n\u00e9gociation 10\/100 Mbps avec prise en charge Auto MDI\/MDIX<\/li>\n<li>Technologie Green Ethernet pour plus d&#8217;\u00e9conomie d\u2019\u00e9nergie<\/li>\n<li>Contr\u00f4le de flux IEEE 802.3x garantissant l&#8217;int\u00e9grit\u00e9 des donn\u00e9es<\/li>\n<li>Bo\u00eetier plastique con\u00e7u pour \u00eatre install\u00e9 sur un bureau<\/li>\n<li>Plug-and-Play, aucune configuration requise<\/li>\n<\/ul>","protected":false},"excerpt":{"rendered":"<p>Switch de bureau 5 ports 10\/100 Mbps<\/p>","protected":false},"featured_media":13581,"comment_status":"open","ping_status":"closed","template":"","meta":{"om_disable_all_campaigns":false,"_mi_skip_tracking":false,"_monsterinsights_sitenote_active":false,"_monsterinsights_sitenote_note":"","_monsterinsights_sitenote_category":0},"etheme_brands":[{"term_id":172,"name":"Tp-Link","slug":"tp-link","term_group":0,"term_taxonomy_id":172,"taxonomy":"brand","description":"","parent":0,"count":4,"filter":"raw","term_order":"0"}],"product_cat":[94],"product_tag":[],"aioseo_notices":[],"_links":{"self":[{"href":"https:\/\/gateway.haikode.online\/fr\/wp-json\/wp\/v2\/product\/12393"}],"collection":[{"href":"https:\/\/gateway.haikode.online\/fr\/wp-json\/wp\/v2\/product"}],"about":[{"href":"https:\/\/gateway.haikode.online\/fr\/wp-json\/wp\/v2\/types\/product"}],"replies":[{"embeddable":true,"href":"https:\/\/gateway.haikode.online\/fr\/wp-json\/wp\/v2\/comments?post=12393"}],"wp:featuredmedia":[{"embeddable":true,"href":"https:\/\/gateway.haikode.online\/fr\/wp-json\/wp\/v2\/media\/13581"}],"wp:attachment":[{"href":"https:\/\/gateway.haikode.online\/fr\/wp-json\/wp\/v2\/media?parent=12393"}],"wp:term":[{"taxonomy":"brand","embeddable":true,"href":"https:\/\/gateway.haikode.online\/fr\/wp-json\/wp\/v2\/etheme_brands?post=12393"},{"taxonomy":"product_cat","embeddable":true,"href":"https:\/\/gateway.haikode.online\/fr\/wp-json\/wp\/v2\/product_cat?post=12393"},{"taxonomy":"product_tag","embeddable":true,"href":"https:\/\/gateway.haikode.online\/fr\/wp-json\/wp\/v2\/product_tag?post=12393"}],"curies":[{"name":"wp","href":"https:\/\/api.w.org\/{rel}","templated":true}]}}