{"id":12191,"date":"2021-12-01T18:36:53","date_gmt":"2021-12-01T18:36:53","guid":{"rendered":"https:\/\/gateway.haikode.online\/?post_type=product&#038;p=12191"},"modified":"2022-07-18T18:51:54","modified_gmt":"2022-07-18T18:51:54","slug":"tp-link-ls1005g-5-port-gigabit-switch","status":"publish","type":"product","link":"https:\/\/gateway.haikode.online\/fr\/produit\/tp-link-ls1005g-5-port-gigabit-switch\/","title":{"rendered":"TP-LINK LS1005G 5-PORT GIGABIT SWITCH"},"content":{"rendered":"<ul>\n<li>SWITCH GIGABIT &#8211; 5 ports RJ45 de n\u00e9gociation automatique \u00e0 10\/100 \/ 1000Mbps prenant en charge Auto-MDI \/ MDIX<\/li>\n<li>INSTALLATION FACILE &#8211; Plug and Play, Installation de switch ethernet LS1005G demande aucune configuration<\/li>\n<li>FONCTIONNEMENT SILENCIEUX &#8211; Avec la conception sans ventilateur, switch ethernet LS1005G convient \u00e0 tout type d&#8217;environnement<\/li>\n<li>ARCHITECTURE NON BLOQUANTE &#8211; Plein d\u00e9bit simultan\u00e9 sur tous les ports<\/li>\n<li>TP-LINK GREEN TECHNOLOGIE &#8211; La technologie Green Ethernet \u00e9conomise de l&#8217;\u00e9nergie<\/li>\n<li>QOS &#8211; Switch gigabit Support la fonction QoS 802.1p \/ DSCP pour d\u00e9finir la priorit\u00e9 du trafic<\/li>\n<li>BOITIER PLASTIQUE &#8211; Switch ehternet LS1005G con\u00e7u pour \u00eatre install\u00e9 sur un bureau ou accroch\u00e9 \u00e0 un mur<\/li>\n<\/ul>","protected":false},"excerpt":{"rendered":"<p>&#8230;<\/p>","protected":false},"featured_media":13591,"comment_status":"open","ping_status":"closed","template":"","meta":{"om_disable_all_campaigns":false,"_mi_skip_tracking":false,"_monsterinsights_sitenote_active":false,"_monsterinsights_sitenote_note":"","_monsterinsights_sitenote_category":0},"etheme_brands":[{"term_id":172,"name":"Tp-Link","slug":"tp-link","term_group":0,"term_taxonomy_id":172,"taxonomy":"brand","description":"","parent":0,"count":4,"filter":"raw","term_order":"0"}],"product_cat":[94],"product_tag":[],"aioseo_notices":[],"_links":{"self":[{"href":"https:\/\/gateway.haikode.online\/fr\/wp-json\/wp\/v2\/product\/12191"}],"collection":[{"href":"https:\/\/gateway.haikode.online\/fr\/wp-json\/wp\/v2\/product"}],"about":[{"href":"https:\/\/gateway.haikode.online\/fr\/wp-json\/wp\/v2\/types\/product"}],"replies":[{"embeddable":true,"href":"https:\/\/gateway.haikode.online\/fr\/wp-json\/wp\/v2\/comments?post=12191"}],"wp:featuredmedia":[{"embeddable":true,"href":"https:\/\/gateway.haikode.online\/fr\/wp-json\/wp\/v2\/media\/13591"}],"wp:attachment":[{"href":"https:\/\/gateway.haikode.online\/fr\/wp-json\/wp\/v2\/media?parent=12191"}],"wp:term":[{"taxonomy":"brand","embeddable":true,"href":"https:\/\/gateway.haikode.online\/fr\/wp-json\/wp\/v2\/etheme_brands?post=12191"},{"taxonomy":"product_cat","embeddable":true,"href":"https:\/\/gateway.haikode.online\/fr\/wp-json\/wp\/v2\/product_cat?post=12191"},{"taxonomy":"product_tag","embeddable":true,"href":"https:\/\/gateway.haikode.online\/fr\/wp-json\/wp\/v2\/product_tag?post=12191"}],"curies":[{"name":"wp","href":"https:\/\/api.w.org\/{rel}","templated":true}]}}