{"id":12179,"date":"2021-12-01T18:14:59","date_gmt":"2021-12-01T18:14:59","guid":{"rendered":"https:\/\/gateway.haikode.online\/?post_type=product&#038;p=12179"},"modified":"2022-09-29T10:40:29","modified_gmt":"2022-09-29T10:40:29","slug":"mi-wifi-extender-pro","status":"publish","type":"product","link":"https:\/\/gateway.haikode.online\/fr\/produit\/mi-wifi-extender-pro\/","title":{"rendered":"Mi Wifi Extender Pro"},"content":{"rendered":"<p>Caract\u00e9ristiques Principales:<\/p>\n<p>\u25cf Mi Pro\u00a0amplificateur wifi permet de r\u00e9p\u00e9ter le signal wifi et d&#8217;\u00e9viter les angles morts wifi.<\/p>\n<p>\u25cf \u00c9quip\u00e9 de 2 antennes externes, le taux de transmission peut atteindre 300Mbps, offrant une transmission rapide et stable.<\/p>\n<p>\u25cf Couplage facile, seulement 3 \u00e9tapes pour terminer l&#8217;installation, et compatible avec la plupart des routeurs grand public.<\/p>\n<p>\u25cf Mise en r\u00e9seau automatique, r\u00e9alisez rapidement une couverture compl\u00e8te des signaux wifi et prenez en charge 64 appareils pour fonctionner simultan\u00e9ment.<\/p>\n<p>\u25cf Prise en charge de la d\u00e9tection du signal. Gr\u00e2ce \u00e0 l&#8217;application Xiaomi, la force du signal peut \u00eatre d\u00e9tect\u00e9e avec pr\u00e9cision, ce qui permet d&#8217;ajuster la position de r\u00e9glage pour obtenir de meilleures performances.<\/p>","protected":false},"excerpt":{"rendered":"<p>&#8230;<\/p>","protected":false},"featured_media":13593,"comment_status":"open","ping_status":"closed","template":"","meta":{"om_disable_all_campaigns":false,"_mi_skip_tracking":false,"_monsterinsights_sitenote_active":false,"_monsterinsights_sitenote_note":"","_monsterinsights_sitenote_category":0},"etheme_brands":[{"term_id":153,"name":"Xiaomi","slug":"xiaomi","term_group":0,"term_taxonomy_id":153,"taxonomy":"brand","description":"","parent":0,"count":6,"filter":"raw","term_order":"0"}],"product_cat":[92],"product_tag":[],"aioseo_notices":[],"_links":{"self":[{"href":"https:\/\/gateway.haikode.online\/fr\/wp-json\/wp\/v2\/product\/12179"}],"collection":[{"href":"https:\/\/gateway.haikode.online\/fr\/wp-json\/wp\/v2\/product"}],"about":[{"href":"https:\/\/gateway.haikode.online\/fr\/wp-json\/wp\/v2\/types\/product"}],"replies":[{"embeddable":true,"href":"https:\/\/gateway.haikode.online\/fr\/wp-json\/wp\/v2\/comments?post=12179"}],"wp:featuredmedia":[{"embeddable":true,"href":"https:\/\/gateway.haikode.online\/fr\/wp-json\/wp\/v2\/media\/13593"}],"wp:attachment":[{"href":"https:\/\/gateway.haikode.online\/fr\/wp-json\/wp\/v2\/media?parent=12179"}],"wp:term":[{"taxonomy":"brand","embeddable":true,"href":"https:\/\/gateway.haikode.online\/fr\/wp-json\/wp\/v2\/etheme_brands?post=12179"},{"taxonomy":"product_cat","embeddable":true,"href":"https:\/\/gateway.haikode.online\/fr\/wp-json\/wp\/v2\/product_cat?post=12179"},{"taxonomy":"product_tag","embeddable":true,"href":"https:\/\/gateway.haikode.online\/fr\/wp-json\/wp\/v2\/product_tag?post=12179"}],"curies":[{"name":"wp","href":"https:\/\/api.w.org\/{rel}","templated":true}]}}