{"id":12175,"date":"2021-12-01T18:10:49","date_gmt":"2021-12-01T18:10:49","guid":{"rendered":"https:\/\/gateway.haikode.online\/?post_type=product&#038;p=12175"},"modified":"2022-07-18T18:51:05","modified_gmt":"2022-07-18T18:51:05","slug":"tenda-d305-modem-routeur-adsl2-et-routeur-sans-fil-300-mbps","status":"publish","type":"product","link":"https:\/\/gateway.haikode.online\/fr\/produit\/tenda-d305-modem-routeur-adsl2-et-routeur-sans-fil-300-mbps\/","title":{"rendered":"Tenda D305 Modem Routeur ADSL2+ et routeur sans fil 300 Mbps"},"content":{"rendered":"<div class=\"product_pz\">\n<div class=\"product_pz_info mainfeatures desc_simp\">Caract\u00e9ristiques Principales<br \/>\n\u25cf Tenda D305 combine la fonction du routeur sans fil 300Mbps, ADSL2 + Modem dans un appareil pour fournir une solution de r\u00e9seau \u00e0 un arr\u00eat<br \/>\n\u25cf Avec des antennes omnidirectionnelles \u00e0 gain \u00e9lev\u00e9 de 4 x 5 dBi avec PA externe, D305 peut fournir une couverture WiFi ultime pour les grandes maisons<\/p>\n<p>Interface<br \/>\n&#8211; InterfaceRJ11 x 1<br \/>\n&#8211; Prise de courant x 1<br \/>\n&#8211; USB2.0 x 1<br \/>\n&#8211; 10\/100Mbps LAN x 3<br \/>\n&#8211; 10\/100Mbps WAN x 1<br \/>\n&#8211; Antenne: 5dBi externe omnidirectionnel x 4<\/p>\n<p>Autres param\u00e8tres<br \/>\n&#8211; Bouton: WLAN activ\u00e9 \/ d\u00e9sactiv\u00e9, RST \/ WPS, puissance<br \/>\n&#8211; Entr\u00e9e d&#8217;adaptateur secteur: 100 &#8211; 240V 50 \/ 60Hz<br \/>\nsortie: 12V 1A<br \/>\n&#8211; Indicateur LED: puissance, SYS, Internet, USB. WPS, WLAN, LAN (1, 2, 3, 4), DSL<br \/>\n&#8211; Vitesse: 300 Mbps<br \/>\n&#8211; Fr\u00e9quence: 2,4 GHz<br \/>\n&#8211; Caract\u00e9ristiques de base: sans fil marche \/ arr\u00eat, Diffusion du SSID sur \/ arr\u00eat, r\u00e9glage de puissance RF normal \/ am\u00e9lior\u00e9, options de pays<br \/>\n&#8211; Canal: auto, 1 &#8211; 13<br \/>\n&#8211; Bande Passante: auto, 20MHz, 40MHz<br \/>\n&#8211; Liste de lumi\u00e8re<br \/>\n&#8211; WDS<br \/>\n&#8211; Modes de fonctionnement: ADSL2 + modem routeur, routeur sans fil<br \/>\n&#8211; Fonctions avanc\u00e9es: configuration en PVC<br \/>\n&#8211; Clone MAC<br \/>\n&#8211; Param\u00e8tres du DSL<br \/>\n&#8211; Joint d&#8217;interface<br \/>\n&#8211; QoS (bas\u00e9 sur IP)<br \/>\n&#8211; DHC: PDHCP serveur<br \/>\n&#8211; R\u00e9servation de la robe<br \/>\n&#8211; Armoire de port de serveur virtuel<br \/>\n&#8211; Localisation du port<br \/>\n&#8211; DMZ<br \/>\n&#8211; UPnP<br \/>\n&#8211; S\u00e9curit\u00e9: IP, filtrage MAC<br \/>\n&#8211; IPv6: support 6RD + DS-Lite, IPv6 et IPv4 double-empiles<br \/>\n&#8211; Autre: DDNS, IGMP Drone, TR069<br \/>\n&#8211; Param\u00e8tres de d\u00e9faut: adresse IP: 192,168.1.1<br \/>\n&#8211; Contenance de l&#8217;utilisateur nom: admin<br \/>\n&#8211; Contenance par mot de passe: admine<\/p><\/div>\n<\/div>\n<div class=\"product_pz\">\n<h4 class=\"expand_en_name\">Sp\u00e9cification<\/h4>\n<div class=\"product_pz_info product_pz_style2\">\n<table>\n<tbody>\n<tr>\n<th>Sp\u00e9cification<\/th>\n<td>Marque: Tenda<br \/>\nType: Routeur<br \/>\nUSB: Port DC,LAN,RJ45,USB 2.0,WAN<br \/>\nGenre de Connectivit\u00e9 du Routeur: Ethernet,Sans Fil<br \/>\nTaux de transmission: 300Mbps<br \/>\nVitesse d&#8217;Ethernet Port: 10 \/ 100Mbps<br \/>\nProtocoles de R\u00e9seau: IEEE 802,3,IEEE 802.3U<br \/>\nSans fil Standard: Wireless G<br \/>\nS\u00e9curit\u00e9 Sans Fil: WPA-PSK,WPA \/ WPA2-PSK,WPA2-PSK<br \/>\nLAN Ports: 3 ports<br \/>\nMax. LAN D\u00e9bit de Donn\u00e9es: 300Mbps<br \/>\nUtilisation: Utilisation \u00e0 la Maison<\/td>\n<\/tr>\n<tr>\n<th>D\u00e9tail du produit<\/th>\n<td>Port DC: 5,5 x 2,5<br \/>\nGain dBi: 5dBi<br \/>\nQuantit\u00e9 d&#8217;antenne: 4<br \/>\nLangues: Anglais<\/td>\n<\/tr>\n<tr>\n<th>Sp\u00e9cification<\/th>\n<td>Poids du produit: 0,7390 kg<br \/>\nTaille de produit(L x W x H): 19,00 x 12,50 x 2,50 cm \/ 7,48 x 4,92 x 0,98 pouces<br \/>\nTaille d&#8217;emballage (L x W x H): 33,00 x 25,00 x 7,50 cm \/ 12,99 x 9,84 x 2,95 pouces<\/td>\n<\/tr>\n<tr>\n<th>Contenu du colis<\/th>\n<td>Liste de colisage: 1 x Routeur, 1 x Guide d&#8217;Installation Rapide, 1 x Adaptateur Secteur, 1 x C\u00e2ble Ethernet (RJ45), 2 x C\u00e2ble de T\u00e9l\u00e9phone (RJ11), 1 x R\u00e9partiteur<\/td>\n<\/tr>\n<\/tbody>\n<\/table>\n<\/div>\n<\/div>","protected":false},"excerpt":{"rendered":"<p>&#8230;<\/p>","protected":false},"featured_media":13595,"comment_status":"open","ping_status":"closed","template":"","meta":{"om_disable_all_campaigns":false,"_mi_skip_tracking":false,"_monsterinsights_sitenote_active":false,"_monsterinsights_sitenote_note":"","_monsterinsights_sitenote_category":0},"etheme_brands":[{"term_id":174,"name":"Tenda","slug":"tenda","term_group":0,"term_taxonomy_id":174,"taxonomy":"brand","description":"","parent":0,"count":3,"filter":"raw","term_order":"0"}],"product_cat":[88],"product_tag":[],"aioseo_notices":[],"_links":{"self":[{"href":"https:\/\/gateway.haikode.online\/fr\/wp-json\/wp\/v2\/product\/12175"}],"collection":[{"href":"https:\/\/gateway.haikode.online\/fr\/wp-json\/wp\/v2\/product"}],"about":[{"href":"https:\/\/gateway.haikode.online\/fr\/wp-json\/wp\/v2\/types\/product"}],"replies":[{"embeddable":true,"href":"https:\/\/gateway.haikode.online\/fr\/wp-json\/wp\/v2\/comments?post=12175"}],"wp:featuredmedia":[{"embeddable":true,"href":"https:\/\/gateway.haikode.online\/fr\/wp-json\/wp\/v2\/media\/13595"}],"wp:attachment":[{"href":"https:\/\/gateway.haikode.online\/fr\/wp-json\/wp\/v2\/media?parent=12175"}],"wp:term":[{"taxonomy":"brand","embeddable":true,"href":"https:\/\/gateway.haikode.online\/fr\/wp-json\/wp\/v2\/etheme_brands?post=12175"},{"taxonomy":"product_cat","embeddable":true,"href":"https:\/\/gateway.haikode.online\/fr\/wp-json\/wp\/v2\/product_cat?post=12175"},{"taxonomy":"product_tag","embeddable":true,"href":"https:\/\/gateway.haikode.online\/fr\/wp-json\/wp\/v2\/product_tag?post=12175"}],"curies":[{"name":"wp","href":"https:\/\/api.w.org\/{rel}","templated":true}]}}