{"id":12167,"date":"2021-12-01T17:59:54","date_gmt":"2021-12-01T17:59:54","guid":{"rendered":"https:\/\/gateway.haikode.online\/?post_type=product&#038;p=12167"},"modified":"2022-07-18T18:51:25","modified_gmt":"2022-07-18T18:51:25","slug":"tenda-f3-point-dacces-repeteur","status":"publish","type":"product","link":"https:\/\/gateway.haikode.online\/fr\/produit\/tenda-f3-point-dacces-repeteur\/","title":{"rendered":"TENDA F3 Point d&#8217;acc\u00e8s, R\u00e9p\u00e9teur"},"content":{"rendered":"<p>Le taux de vitesse WiFi jusqu&#8217;\u00e0 300Mbps est id\u00e9al pour la musique en streaming, le t\u00e9l\u00e9chargement de photos, le chat vid\u00e9o, le streaming vid\u00e9o HD&#8230;<\/p>\n<p>3 * 5dBi antennes externes booste le signal WiFi \u00e0 chaque coin de votre maison. Vous pouvez profiter de la couverture WiFi tout \u00e0 la maison et lag Free WiFi performance.<\/p>\n<p>Support du m\u00e9canisme de s\u00e9curit\u00e9 WPA, WPA2, WPA-PSK\/WPA2-PSK pour am\u00e9liorer le niveau de s\u00e9curit\u00e9.<\/p>\n<p>Le contr\u00f4le de bande passante bas\u00e9 sur IP permet aux administrateurs de d\u00e9terminer la quantit\u00e9 de bande passante attribu\u00e9e \u00e0 chaque PC.<\/p>\n<p>Interface de configuration super simple vous permet d&#8217;acc\u00e9der \u00e0 Internet sans effort.<\/p>","protected":false},"excerpt":{"rendered":"<p>3 * 5dBi<br \/>\n300 Mbps 2<br \/>\n4 GHz<br \/>\n4 Ports X 10\/100Mo<\/p>","protected":false},"featured_media":13605,"comment_status":"open","ping_status":"closed","template":"","meta":{"om_disable_all_campaigns":false,"_mi_skip_tracking":false,"_monsterinsights_sitenote_active":false,"_monsterinsights_sitenote_note":"","_monsterinsights_sitenote_category":0},"etheme_brands":[{"term_id":174,"name":"Tenda","slug":"tenda","term_group":0,"term_taxonomy_id":174,"taxonomy":"brand","description":"","parent":0,"count":3,"filter":"raw","term_order":"0"}],"product_cat":[90,92],"product_tag":[],"aioseo_notices":[],"_links":{"self":[{"href":"https:\/\/gateway.haikode.online\/fr\/wp-json\/wp\/v2\/product\/12167"}],"collection":[{"href":"https:\/\/gateway.haikode.online\/fr\/wp-json\/wp\/v2\/product"}],"about":[{"href":"https:\/\/gateway.haikode.online\/fr\/wp-json\/wp\/v2\/types\/product"}],"replies":[{"embeddable":true,"href":"https:\/\/gateway.haikode.online\/fr\/wp-json\/wp\/v2\/comments?post=12167"}],"wp:featuredmedia":[{"embeddable":true,"href":"https:\/\/gateway.haikode.online\/fr\/wp-json\/wp\/v2\/media\/13605"}],"wp:attachment":[{"href":"https:\/\/gateway.haikode.online\/fr\/wp-json\/wp\/v2\/media?parent=12167"}],"wp:term":[{"taxonomy":"brand","embeddable":true,"href":"https:\/\/gateway.haikode.online\/fr\/wp-json\/wp\/v2\/etheme_brands?post=12167"},{"taxonomy":"product_cat","embeddable":true,"href":"https:\/\/gateway.haikode.online\/fr\/wp-json\/wp\/v2\/product_cat?post=12167"},{"taxonomy":"product_tag","embeddable":true,"href":"https:\/\/gateway.haikode.online\/fr\/wp-json\/wp\/v2\/product_tag?post=12167"}],"curies":[{"name":"wp","href":"https:\/\/api.w.org\/{rel}","templated":true}]}}