{"id":12162,"date":"2021-12-01T17:52:02","date_gmt":"2021-12-01T17:52:02","guid":{"rendered":"https:\/\/gateway.haikode.online\/?post_type=product&#038;p=12162"},"modified":"2022-07-18T18:50:43","modified_gmt":"2022-07-18T18:50:43","slug":"tenda-d301v4-adsl2-modem-routeur-n300-wi-fi","status":"publish","type":"product","link":"https:\/\/gateway.haikode.online\/fr\/produit\/tenda-d301v4-adsl2-modem-routeur-n300-wi-fi\/","title":{"rendered":"TENDA D301v4 ADSL2+ Modem Routeur N300 Wi-Fi"},"content":{"rendered":"<p>Le D301v4 est un appareil compatible 802.11n qui combine la fonction de modem ADSL2 + haut d\u00e9bit, de routeur sans fil et de commutateur 4 ports. Il offre une vitesse sans fil jusqu&#8217;\u00e0 8 fois plus rapide et une port\u00e9e 6 fois plus \u00e9tendue que le 802.11g. prend en charge les derni\u00e8res normes ADSL2 \/ 2 + pour fournir des performances plus \u00e9lev\u00e9es et une plus longue port\u00e9e \u00e0 partir du DSLAM du FAI. Connectez-le au service Internet et fournissez un r\u00e9seau sans fil jusqu&#8217;\u00e0 300 Mbps pour le partage de fichiers \u00e0 volume \u00e9lev\u00e9, la diffusion de musique, de vid\u00e9os et m\u00eame de jeux en ligne entre plusieurs ordinateurs.\u00a0fournir des performances plus \u00e9lev\u00e9es et une plus longue port\u00e9e \u00e0 partir du DSLAM du FAI. Connectez-le au service Internet et fournissez un r\u00e9seau sans fil jusqu&#8217;\u00e0 300 Mbps pour le partage de fichiers \u00e0 volume \u00e9lev\u00e9, la diffusion de musique, de vid\u00e9os et m\u00eame de jeux en ligne entre plusieurs ordinateurs.<\/p>","protected":false},"excerpt":{"rendered":"<p>&#8230;<\/p>","protected":false},"featured_media":13603,"comment_status":"open","ping_status":"closed","template":"","meta":{"om_disable_all_campaigns":false,"_mi_skip_tracking":false,"_monsterinsights_sitenote_active":false,"_monsterinsights_sitenote_note":"","_monsterinsights_sitenote_category":0},"etheme_brands":[{"term_id":174,"name":"Tenda","slug":"tenda","term_group":0,"term_taxonomy_id":174,"taxonomy":"brand","description":"","parent":0,"count":3,"filter":"raw","term_order":"0"}],"product_cat":[88],"product_tag":[],"aioseo_notices":[],"_links":{"self":[{"href":"https:\/\/gateway.haikode.online\/fr\/wp-json\/wp\/v2\/product\/12162"}],"collection":[{"href":"https:\/\/gateway.haikode.online\/fr\/wp-json\/wp\/v2\/product"}],"about":[{"href":"https:\/\/gateway.haikode.online\/fr\/wp-json\/wp\/v2\/types\/product"}],"replies":[{"embeddable":true,"href":"https:\/\/gateway.haikode.online\/fr\/wp-json\/wp\/v2\/comments?post=12162"}],"wp:featuredmedia":[{"embeddable":true,"href":"https:\/\/gateway.haikode.online\/fr\/wp-json\/wp\/v2\/media\/13603"}],"wp:attachment":[{"href":"https:\/\/gateway.haikode.online\/fr\/wp-json\/wp\/v2\/media?parent=12162"}],"wp:term":[{"taxonomy":"brand","embeddable":true,"href":"https:\/\/gateway.haikode.online\/fr\/wp-json\/wp\/v2\/etheme_brands?post=12162"},{"taxonomy":"product_cat","embeddable":true,"href":"https:\/\/gateway.haikode.online\/fr\/wp-json\/wp\/v2\/product_cat?post=12162"},{"taxonomy":"product_tag","embeddable":true,"href":"https:\/\/gateway.haikode.online\/fr\/wp-json\/wp\/v2\/product_tag?post=12162"}],"curies":[{"name":"wp","href":"https:\/\/api.w.org\/{rel}","templated":true}]}}