{"id":12158,"date":"2021-12-01T17:44:10","date_gmt":"2021-12-01T17:44:10","guid":{"rendered":"https:\/\/gateway.haikode.online\/?post_type=product&#038;p=12158"},"modified":"2022-07-18T18:52:45","modified_gmt":"2022-07-18T18:52:45","slug":"tp-link-tl-wr841n-point-dacces-300-mbps-wi-fi-n-en-2-4-ghz-5-ports-ethernet","status":"publish","type":"product","link":"https:\/\/gateway.haikode.online\/fr\/produit\/tp-link-tl-wr841n-point-dacces-300-mbps-wi-fi-n-en-2-4-ghz-5-ports-ethernet\/","title":{"rendered":"TP-Link TL-WR841N Point d\u2019acc\u00e8s 300 Mbps Wi-Fi N en 2.4 GHz, 5 ports Ethernet"},"content":{"rendered":"<h3>Fonctions<\/h3>\n<p>Le routeur sans fil N 300\u00a0Mbps TL-WR841N est un \u00e9quipement r\u00e9seau combinant les modes filaire et sans fil, adapt\u00e9 aux besoins sp\u00e9cifiques des petites entreprises et des r\u00e9seaux domestiques. Dot\u00e9 de la technologie 2T2R MIMO, le TL-WR841N offre une performance sans fil avanc\u00e9e exceptionnelle&#8230; c&#8217;est un routeur id\u00e9al pour le streaming de vid\u00e9os au format HD, le VoIP et les jeux en ligne. Outre son aspect \u00e9lanc\u00e9 et branch\u00e9, son bouton QSS (Quick Security Setup) assure un chiffrement WPA2 pour prot\u00e9ger votre r\u00e9seau contre les intrusions ext\u00e9rieures.<\/p>\n<h3>Sans fil N &#8211; Vitesse et port\u00e9e<\/h3>\n<p>Conforme \u00e0 la norme IEEE 802.11n, le TL-WR841N \u00e9tablit un r\u00e9seau sans fil et va jusqu\u2019\u00e0 15 fois plus vite et 5 fois plus loin que les produits 11g. Il assure \u00e9galement des vitesses de transmission jusqu&#8217;\u00e0 300\u00a0Mbps.<\/p>\n<h3>Performances WiFi<\/h3>\n<p>Le routeur est assez rapide pour assurer un fonctionnement fluide avec la quasi-totalit\u00e9 des applications n\u00e9cessitant une large bande passante, telles que la VOix sur IP, la diffusion de flux vid\u00e9os HD ou encore les jeux en ligne, sans ralentissement. Gr\u00e2ce \u00e0 l&#8217;utilisation de la norme N, le routeur est capable de minimiser la perte de donn\u00e9es li\u00e9es aux longues distances ou \u00e0 la pr\u00e9sence d&#8217;obstacles, transformant ainsi votre maison voire votre jardin en un grand hotspot.<\/p>","protected":false},"excerpt":{"rendered":"<ul>\n<li>Vitesse sans fil 300\u00a0Mbps id\u00e9ale pour les applications sensibles aux interruptions telles que le streaming vid\u00e9o HD<\/li>\n<li>Deux antennes renforcent consid\u00e9rablement la solidit\u00e9 et la stabilit\u00e9 de la connexion sans fil.<\/li>\n<li>Une simple pression sur le bouton QSS permet de s\u00e9curiser facilement la connexion sans fil par chiffrement\n<ul>\n<li>Le contr\u00f4le de bande passante par IP permet aux administrateurs de d\u00e9terminer la largeur de bande attribu\u00e9e \u00e0 chaque PC.<\/li>\n<\/ul>\n<\/li>\n<\/ul>","protected":false},"featured_media":13596,"comment_status":"open","ping_status":"closed","template":"","meta":{"om_disable_all_campaigns":false,"_mi_skip_tracking":false,"_monsterinsights_sitenote_active":false,"_monsterinsights_sitenote_note":"","_monsterinsights_sitenote_category":0},"etheme_brands":[{"term_id":172,"name":"Tp-Link","slug":"tp-link","term_group":0,"term_taxonomy_id":172,"taxonomy":"brand","description":"","parent":0,"count":4,"filter":"raw","term_order":"0"}],"product_cat":[90],"product_tag":[],"aioseo_notices":[],"_links":{"self":[{"href":"https:\/\/gateway.haikode.online\/fr\/wp-json\/wp\/v2\/product\/12158"}],"collection":[{"href":"https:\/\/gateway.haikode.online\/fr\/wp-json\/wp\/v2\/product"}],"about":[{"href":"https:\/\/gateway.haikode.online\/fr\/wp-json\/wp\/v2\/types\/product"}],"replies":[{"embeddable":true,"href":"https:\/\/gateway.haikode.online\/fr\/wp-json\/wp\/v2\/comments?post=12158"}],"wp:featuredmedia":[{"embeddable":true,"href":"https:\/\/gateway.haikode.online\/fr\/wp-json\/wp\/v2\/media\/13596"}],"wp:attachment":[{"href":"https:\/\/gateway.haikode.online\/fr\/wp-json\/wp\/v2\/media?parent=12158"}],"wp:term":[{"taxonomy":"brand","embeddable":true,"href":"https:\/\/gateway.haikode.online\/fr\/wp-json\/wp\/v2\/etheme_brands?post=12158"},{"taxonomy":"product_cat","embeddable":true,"href":"https:\/\/gateway.haikode.online\/fr\/wp-json\/wp\/v2\/product_cat?post=12158"},{"taxonomy":"product_tag","embeddable":true,"href":"https:\/\/gateway.haikode.online\/fr\/wp-json\/wp\/v2\/product_tag?post=12158"}],"curies":[{"name":"wp","href":"https:\/\/api.w.org\/{rel}","templated":true}]}}