{"id":12153,"date":"2021-12-01T17:38:09","date_gmt":"2021-12-01T17:38:09","guid":{"rendered":"https:\/\/gateway.haikode.online\/?post_type=product&#038;p=12153"},"modified":"2022-07-18T18:52:06","modified_gmt":"2022-07-18T18:52:06","slug":"tp-link-td-w8961n-modem-routeur-adsl2-300mbps-wireless","status":"publish","type":"product","link":"https:\/\/gateway.haikode.online\/fr\/produit\/tp-link-td-w8961n-modem-routeur-adsl2-300mbps-wireless\/","title":{"rendered":"TP-Link TD-W8961N &#8211; Modem routeur ADSL2+ 300Mbps Wireless"},"content":{"rendered":"<h3>One-Stop Solution<\/h3>\n<p>Le TD-W8961N fait le travail de plusieurs p\u00e9riph\u00e9riques r\u00e9seau regroup\u00e9s dans un seul appareil \u00e9l\u00e9gant. Avec un modem ADSL2 +, un routeur NAT, un commutateur \u00e0 4 ports et un point d&#8217;acc\u00e8s sans fil N 300 Mbps, cet appareil \u00e9limine le besoin d&#8217;acheter plusieurs appareils pour acc\u00e9der et partager une connexion Internet haut d\u00e9bit.<\/p>\n<h3>Performance WiFI incroyable<\/h3>\n<p>Avec le port WiFi 802.11n 300 Mbps et les ports LAN 4 m\u00e9gabits, le TD-W8961N est le choix id\u00e9al pour les gros utilisateurs de bande passante qui s&#8217;appuient sur des connexions rapides et fiables pour un travail ou des loisirs gourmands en bande passante tels que les conf\u00e9rences t\u00e9l\u00e9phoniques sans d\u00e9calage, le streaming vid\u00e9o HD ou les jeux en ligne .<\/p>\n<h3>Id\u00e9al pour les Applications multim\u00e9dia<\/h3>\n<p>Le port VLAN lie des ports LAN et des PVC sp\u00e9cifiques pour des services diff\u00e9rentiels comme IPTV. Le moteur QoS int\u00e9gr\u00e9 du TD-W8961N fournit diverses politiques de QoS qui aident \u00e0 hi\u00e9rarchiser le trafic Internet pour permettre un streaming IPTV fluide et des jeux en ligne sans d\u00e9calage. Ainsi, les utilisateurs peuvent profiter des avantages d&#8217;une connexion r\u00e9seau fluide sans se soucier de la congestion du trafic. Combin\u00e9 aux fonctions de multidiffusion IGMP et de surveillance IGMP, le TD-W8961N constitue une solution id\u00e9ale pour les applications multim\u00e9dias.<\/p>\n<h3>S\u00e9curit\u00e9 r\u00e9seau avanc\u00e9e et gestion flexible<\/h3>\n<p>Le TD-W8961N utilise des pare-feu NAT et SPI (Stateful Packet Inspection) qui inspectent le contenu des paquets entrants avant leur entr\u00e9e, emp\u00eachant ainsi les attaques potentielles sur Internet. Pour plus de commodit\u00e9, il prend en charge le contr\u00f4le d&#8217;acc\u00e8s bas\u00e9 sur les adresses MAC, les adresses IP, les noms de domaine ou les applications telles que MSN ou Yahoo Messenger, afin que les parents et les administrateurs r\u00e9seau puissent \u00e9tablir des politiques d&#8217;acc\u00e8s restreint pour les enfants ou le personnel. Outre la configuration Web, le TD-W8961N fournit \u00e9galement TR-069 et SNMP, qui mettent automatiquement \u00e0 jour le micrologiciel de l&#8217;appareil et d&#8217;autres param\u00e8tres lorsqu&#8217;ils deviennent disponibles aupr\u00e8s du FAI des utilisateurs. Toutes ces fonctionnalit\u00e9s aident les utilisateurs \u00e0 am\u00e9liorer la s\u00e9curit\u00e9 de leur r\u00e9seau et \u00e0 rendre la gestion du r\u00e9seau plus flexible.<\/p>\n<p>&nbsp;<\/p>","protected":false},"excerpt":{"rendered":"<ul>\n<li>Appareil tout-en-un: modem ADSL2 +, routeur NAT, switch 4 ports et point d&#8217;acc\u00e8s WiFi N<\/li>\n<li>D\u00e9bit WiFi\u00a0N jusqu&#8217;\u00e0 300 Mbits \/ s le rend id\u00e9al pour les applications gourmandes en bande passante ou sensibles aux interruptions telles que les jeux en ligne, les appels Internet et m\u00eame le streaming vid\u00e9o HD<\/li>\n<li>L&#8217;assistant de configuration facile avec support multilingue permet une installation rapide et sans probl\u00e8me<\/li>\n<li>Chiffrement de s\u00e9curit\u00e9 WiFi \u00e0 une touche avec le bouton \u2018WPS\u2019 et le bouton marche \/ arr\u00eat facile du WiFi<\/li>\n<\/ul>","protected":false},"featured_media":13598,"comment_status":"open","ping_status":"closed","template":"","meta":{"om_disable_all_campaigns":false,"_mi_skip_tracking":false,"_monsterinsights_sitenote_active":false,"_monsterinsights_sitenote_note":"","_monsterinsights_sitenote_category":0},"etheme_brands":[{"term_id":172,"name":"Tp-Link","slug":"tp-link","term_group":0,"term_taxonomy_id":172,"taxonomy":"brand","description":"","parent":0,"count":4,"filter":"raw","term_order":"0"}],"product_cat":[88],"product_tag":[],"aioseo_notices":[],"_links":{"self":[{"href":"https:\/\/gateway.haikode.online\/fr\/wp-json\/wp\/v2\/product\/12153"}],"collection":[{"href":"https:\/\/gateway.haikode.online\/fr\/wp-json\/wp\/v2\/product"}],"about":[{"href":"https:\/\/gateway.haikode.online\/fr\/wp-json\/wp\/v2\/types\/product"}],"replies":[{"embeddable":true,"href":"https:\/\/gateway.haikode.online\/fr\/wp-json\/wp\/v2\/comments?post=12153"}],"wp:featuredmedia":[{"embeddable":true,"href":"https:\/\/gateway.haikode.online\/fr\/wp-json\/wp\/v2\/media\/13598"}],"wp:attachment":[{"href":"https:\/\/gateway.haikode.online\/fr\/wp-json\/wp\/v2\/media?parent=12153"}],"wp:term":[{"taxonomy":"brand","embeddable":true,"href":"https:\/\/gateway.haikode.online\/fr\/wp-json\/wp\/v2\/etheme_brands?post=12153"},{"taxonomy":"product_cat","embeddable":true,"href":"https:\/\/gateway.haikode.online\/fr\/wp-json\/wp\/v2\/product_cat?post=12153"},{"taxonomy":"product_tag","embeddable":true,"href":"https:\/\/gateway.haikode.online\/fr\/wp-json\/wp\/v2\/product_tag?post=12153"}],"curies":[{"name":"wp","href":"https:\/\/api.w.org\/{rel}","templated":true}]}}