{"id":12142,"date":"2021-11-24T17:36:57","date_gmt":"2021-11-24T17:36:57","guid":{"rendered":"https:\/\/gateway.haikode.online\/?post_type=product&#038;p=12142"},"modified":"2022-09-29T10:34:11","modified_gmt":"2022-09-29T10:34:11","slug":"anker-soundcore-2","status":"publish","type":"product","link":"https:\/\/gateway.haikode.online\/fr\/produit\/anker-soundcore-2\/","title":{"rendered":"Anker Soundcore 2"},"content":{"rendered":"<p>avec basses puissantes, autonomie de 24 heures, Haut Parleur sans fil port\u00e9 Bluetooth de 20 m, r\u00e9sistance waterproof IPX5 et microphone int\u00e9gr\u00e9 &#8211; Enceinte Portable Haute Autonomie 30 Heures pour iPhone, iPad, Android et autres<\/p>","protected":false},"excerpt":{"rendered":"<p>Anker \u2013 Haut-parleur Soundcore 2 portable sans fil, meilleure basse, rythme de lecture \u00e0 24 heures in\u00e9gal\u00e9, port\u00e9e Bluetooth 66 pieds\/, norme IPX7, enceinte \u00e9tanche<\/p>","protected":false},"featured_media":13607,"comment_status":"open","ping_status":"closed","template":"","meta":{"om_disable_all_campaigns":false,"_mi_skip_tracking":false,"_monsterinsights_sitenote_active":false,"_monsterinsights_sitenote_note":"","_monsterinsights_sitenote_category":0},"etheme_brands":[{"term_id":156,"name":"Anker","slug":"anker","term_group":0,"term_taxonomy_id":156,"taxonomy":"brand","description":"","parent":0,"count":4,"filter":"raw","term_order":"0"}],"product_cat":[83],"product_tag":[],"aioseo_notices":[],"_links":{"self":[{"href":"https:\/\/gateway.haikode.online\/fr\/wp-json\/wp\/v2\/product\/12142"}],"collection":[{"href":"https:\/\/gateway.haikode.online\/fr\/wp-json\/wp\/v2\/product"}],"about":[{"href":"https:\/\/gateway.haikode.online\/fr\/wp-json\/wp\/v2\/types\/product"}],"replies":[{"embeddable":true,"href":"https:\/\/gateway.haikode.online\/fr\/wp-json\/wp\/v2\/comments?post=12142"}],"wp:featuredmedia":[{"embeddable":true,"href":"https:\/\/gateway.haikode.online\/fr\/wp-json\/wp\/v2\/media\/13607"}],"wp:attachment":[{"href":"https:\/\/gateway.haikode.online\/fr\/wp-json\/wp\/v2\/media?parent=12142"}],"wp:term":[{"taxonomy":"brand","embeddable":true,"href":"https:\/\/gateway.haikode.online\/fr\/wp-json\/wp\/v2\/etheme_brands?post=12142"},{"taxonomy":"product_cat","embeddable":true,"href":"https:\/\/gateway.haikode.online\/fr\/wp-json\/wp\/v2\/product_cat?post=12142"},{"taxonomy":"product_tag","embeddable":true,"href":"https:\/\/gateway.haikode.online\/fr\/wp-json\/wp\/v2\/product_tag?post=12142"}],"curies":[{"name":"wp","href":"https:\/\/api.w.org\/{rel}","templated":true}]}}