{"id":11769,"date":"2021-11-21T17:52:24","date_gmt":"2021-11-21T17:52:24","guid":{"rendered":"https:\/\/gateway.haikode.online\/?post_type=product&#038;p=11769"},"modified":"2022-06-15T12:20:37","modified_gmt":"2022-06-15T12:20:37","slug":"amazfit-gtr-2e","status":"publish","type":"product","link":"https:\/\/gateway.haikode.online\/fr\/produit\/amazfit-gtr-2e\/","title":{"rendered":"Amazfit GTR 2e"},"content":{"rendered":"<article>\n<h2 class=\"wow fadeInUp\">Design incurv\u00e9 sans bords<sup>1<\/sup>.<br \/>\nStructure int\u00e9gr\u00e9e\u00a0; Qualit\u00e9 exceptionnelle.<\/h2>\n<p class=\"p1 wow fadeInUp\" data-wow-delay=\".3s\">Le concept de design sans bords comprend un large \u00e9cran AMOLED HD de 1,39 pouce recouvert d&#8217;une couche de verre incurv\u00e9, qui assure une transition naturelle vers le bo\u00eetier soigneusement poli, pour une meilleure esth\u00e9tique visuelle et un champ visuel plus large.<\/p>\n<\/article>\n<p data-wow-delay=\".3s\"><img loading=\"lazy\" decoding=\"async\" class=\"img2\" src=\"https:\/\/site-cdn.huami.com\/files\/amazfit\/en\/gtr2e\/section-3-p2.png\" alt=\"\" width=\"386\" height=\"397\" \/><\/p>\n<article>\n<h2 class=\"wow fadeInUp\">Une \u0153uvre d&#8217;art \u00e0 votre poignet.<br \/>\nR\u00e9v\u00e9lez votre personnalit\u00e9.<\/h2>\n<p class=\"p1 wow fadeInUp\" data-wow-delay=\".3s\">Notre magasin de cadrans de montre propose plus de 50 styles de cadrans de montre<sup>2<\/sup> parmi lesquels vous pourrez choisir. Vous pouvez \u00e9galement modifier les widgets sur certains cadrans de montre pour acc\u00e9der facilement aux informations qui vous int\u00e9ressent, ou t\u00e9l\u00e9charger vos propres images favorites comme arri\u00e8re plan du cadran de montre.<\/p>\n<\/article>\n<div id=\"section-5\" class=\"section\">\n<p>&nbsp;<\/p>\n<article>\n<h2 class=\"wow fadeInUp\">\u00c9cran toujours allum\u00e9<sup>3<\/sup>.<br \/>\nContr\u00f4le du temps en toute confiance.<\/h2>\n<div class=\"intro wow fadeInUp\">\n<p>La fonction \u00c9cran toujours allum\u00e9 vous permet d&#8217;afficher l&#8217;heure m\u00eame lorsque les autres fonctions de la montre sont inactives, ainsi, vous ne raterez aucun moment important de votre vie. Nous proposons \u00e9galement plus de 40 fonds d&#8217;\u00e9cran toujours allum\u00e9 qui s&#8217;adapteront au design du cadran de votre montre, de sorte que vous puissiez les voir tout le temps.<\/p>\n<\/div>\n<div id=\"section-6\" class=\"section\">\n<p>&nbsp;<\/p>\n<article>\n<h2 class=\"wow fadeInUp\">Suivi de la fr\u00e9quence cardiaque 24\u00a0heures sur 24<sup>4<\/sup>.<br \/>\nRestez en bonne sant\u00e9 gr\u00e2ce aux alertes de fr\u00e9quence cardiaque \u00e9lev\u00e9e.<\/h2>\n<p class=\"p1 wow fadeInUp\" data-wow-delay=\".3s\">Le capteur optique de suivi biologique BioTracker\u2122 2 d\u00e9velopp\u00e9 en interne et int\u00e9gr\u00e9 dans la montre permet de suivre la fr\u00e9quence cardiaque 24 heures sur 24. Il permet de conna\u00eetre les zones de fr\u00e9quence cardiaque, vous informe des effets de vos exercices, et g\u00e9n\u00e8re des alertes lorsque votre fr\u00e9quence cardiaque au repos est anormalement \u00e9lev\u00e9e.<\/p>\n<\/article>\n<div class=\"part part1\">\n<article>\n<div class=\"intro\">\n<h2>Mesure de la saturation du sang en oxyg\u00e8ne<sup>5<\/sup>.<br \/>\nAnalyse compl\u00e8te de votre \u00e9tat de sant\u00e9.<\/h2>\n<p>La saturation du sang en oxyg\u00e8ne est l&#8217;un des facteurs les plus importants de la sant\u00e9 chez l&#8217;\u00eatre humain, et la montre propose donc une fonction de mesure de la saturation du sang en oxyg\u00e8ne. Lorsque vous faites un effort mental ou une activit\u00e9 physique sur le long-terme, comme participer \u00e0 un marathon ou faire du sport intensif en plein air, mesurez le niveau d&#8217;oxyg\u00e8ne dans votre sang si vous ne vous sentez pas bien afin de contr\u00f4ler votre \u00e9tat de sant\u00e9.<\/p>\n<\/div>\n<p><img decoding=\"async\" src=\"https:\/\/site-cdn.huami.com\/files\/amazfit\/en\/gtr2e\/section-7-p1.png\" alt=\"\" \/><\/p>\n<\/article>\n<\/div>\n<div class=\"part part2\">\n<article>\n<div class=\"intro\">\n<h2>Syst\u00e8me d\u2019\u00e9valuation de la sant\u00e9\u00a0PAI <sup>6<\/sup>.<br \/>\nUn score qui r\u00e9sume votre \u00e9tat physique.<\/h2>\n<p>PAI (Personal Activity Intelligence) est un syst\u00e8me d&#8217;\u00e9valuation de la sant\u00e9 qui utilise des algorithmes pour convertir des donn\u00e9es complexes telles que la fr\u00e9quence cardiaque, la dur\u00e9e de l&#8217;activit\u00e9 et autres donn\u00e9es de sant\u00e9 en un seul score intuitif, permettant aux utilisateurs de comprendre plus facilement leur \u00e9tat physique. Cette fonction couvre la plupart des types d&#8217;exercice, et personnalise \u00e9galement le syst\u00e8me d&#8217;\u00e9valuation de la sant\u00e9 pour chaque utilisateur en fonction de ses donn\u00e9es de sant\u00e9.<\/p>\n<\/div>\n<p><img decoding=\"async\" src=\"https:\/\/site-cdn.huami.com\/files\/amazfit\/en\/gtr2e\/section-7-p2.png\" alt=\"\" \/><\/p>\n<\/article>\n<\/div>\n<div class=\"part part3\">\n<article>\n<div class=\"intro\">\n<h2>Suivi de la qualit\u00e9 du sommeil<sup>7<\/sup> pour des performances optimales.<br \/>\nAnalyse des stades du sommeil et des siestes.<\/h2>\n<p>Une bonne nuit de sommeil est cruciale \u00e0 notre \u00e9poque. C&#8217;est pourquoi, la montre propose un suivi approfondi du sommeil, qui permet de d\u00e9terminer plus pr\u00e9cis\u00e9ment les phases de sommeil (sommeil l\u00e9ger, sommeil profond, sommeil paradoxal, dit REM<sup>8<\/sup>), de suivre l&#8217;\u00e9tat respiratoire durant le sommeil et de fournir une analyse de sa qualit\u00e9 et des suggestions d&#8217;am\u00e9lioration en fonction des donn\u00e9es enregistr\u00e9es lors d&#8217;une nuit de sommeil. La montre reconna\u00eet \u00e9galement les siestes diurnes de plus de 20\u00a0minutes, ce qui permet d&#8217;enregistrer des informations plus compl\u00e8tes sur le sommeil.<\/p>\n<\/div>\n<p><img decoding=\"async\" src=\"https:\/\/site-cdn.huami.com\/files\/amazfit\/en\/gtr2e\/section-7-p3.png\" alt=\"\" \/><\/p>\n<\/article>\n<\/div>\n<div class=\"part part4\">\n<article>\n<div class=\"intro\">\n<h2>Suivi du niveau de stress.<br \/>\nCalmez-vous lorsque vous vous sentez submerg\u00e9.<\/h2>\n<p>V\u00e9rifiez votre niveau de stress personnel (d\u00e9tendu, normal, moyen ou \u00e9lev\u00e9) \u00e0 chaque fois que vous vous sentez sous pression tout au long de la journ\u00e9e. Vous saurez donc quand vous d\u00e9tendre pour le r\u00e9duire.<\/p>\n<\/div>\n<\/article>\n<article>\n<h2 class=\"wow fadeInUp\">\u00c9tanch\u00e9it\u00e9 \u00e0 l&#8217;eau de 5\u00a0ATM<sup>9<\/sup>.<br \/>\nPour les nageurs en eau profonde.<\/h2>\n<p class=\"p1 wow fadeInUp\" data-wow-delay=\".3s\">Gr\u00e2ce \u00e0 une \u00e9tanch\u00e9it\u00e9 \u00e0 l&#8217;eau allant jusqu&#8217;\u00e0 50 m\u00e8tres, la montre rivalise largement avec les montres traditionnelles haut de gamme. Vous pouvez ainsi la porter sans aucun souci au quotidien ou lorsque vous nagez.<\/p>\n<h2 class=\"wow fadeInUp\">90\u00a0modes sports int\u00e9gr\u00e9s.<br \/>\nReconnaissance intelligente* des modes sportifs.<\/h2>\n<p class=\"p1 wow fadeInUp\" data-wow-delay=\".3s\">Activez le mode sports de votre choix et, une fois l&#8217;exercice termin\u00e9, la montre g\u00e9n\u00e8rera un rapport analytique correspondant que vous pourrez \u00e9galement consulter dans l&#8217;application mobile, pour une am\u00e9lioration perp\u00e9tuelle de votre programme d&#8217;exercices. Gr\u00e2ce \u00e0 la reconnaissance intelligente des modes sportifs comprend, plus besoin de s\u00e9lectionner manuellement les modes sports, la montre est ainsi toujours pr\u00eate \u00e0 l&#8217;action.<\/p>\n<\/article>\n<article>\n<h2 class=\"wow fadeInUp\">L\u00e9g\u00e8ret\u00e9 et grande autonomie de la batterie<sup>10<\/sup>.<br \/>\nPlus besoin de choisir entre les deux.<\/h2>\n<p class=\"wow fadeInUp\" data-wow-delay=\".3s\">Gr\u00e2ce \u00e0 un design de circuit plus sophistiqu\u00e9, \u00e0 un bo\u00eetier plus fin, et \u00e0 une puissante batterie de 471\u00a0mAh, la montre b\u00e9n\u00e9ficie d&#8217;une plus grande autonomie de batterie, elle ne vous abandonnera donc jamais peu importe l&#8217;exercice que vous faites.<\/p>\n<div class=\"item\">\n<p><img decoding=\"async\" src=\"https:\/\/site-cdn.huami.com\/files\/amazfit\/en\/gtr2e\/section-10-p2.jpg\" alt=\"\" \/><\/p>\n<div class=\"intro\">\n<h3>Amazfit GTR 2e<\/h3>\n<div class=\"st black\">\n<p>Utilisation classique<\/p>\n<div class=\"length\">24\u00a0jours<\/div>\n<div><\/div>\n<\/div>\n<div class=\"st black\">\n<p>Utilisation basique<\/p>\n<div class=\"length\">45\u00a0jours<\/div>\n<\/div>\n<\/div>\n<\/div>\n<div>\n<p>&nbsp;<\/p>\n<article>\n<h2 class=\"wow fadeInUp\">Assistance vocale intelligente.<br \/>\nLib\u00e9rez vos mains.<\/h2>\n<p class=\"p1 wow fadeInUp\" data-wow-delay=\".3s\">Pour r\u00e9gler des alarmes et des minuteurs, v\u00e9rifier la m\u00e9t\u00e9o, contr\u00f4ler vos appareils m\u00e9nagers intelligents, cr\u00e9er des listes de courses, poser des questions, obtenir des traductions et bien plus encore, il suffit de lever le poignet et de vous adresser \u00e0 Alexa<sup>11<\/sup>. Vous pouvez \u00e9galement r\u00e9aliser des op\u00e9rations vocales sur votre montre sans avoir besoin d&#8217;acc\u00e9der \u00e0 Internet gr\u00e2ce \u00e0 la fonction d&#8217;assistant vocal hors ligne<sup>12<\/sup>, notamment l&#8217;activation des modes sportifs ou de la fonction de suivi de la fr\u00e9quence cardiaque.<\/p>\n<article>\n<h2 class=\"wow fadeInUp\">Acc\u00e8s rapide aux informations cl\u00e9s.<br \/>\nFaites glisser l&#8217;\u00e9cran vers la gauche pour acc\u00e9der aux fonctions intelligentes, vers la droite pour acc\u00e9der aux fonctions pratiques.<\/h2>\n<p class=\"p1 wow fadeInUp\" data-wow-delay=\".3s\">Afin d&#8217;optimiser les informations affich\u00e9es, faites glisser l&#8217;\u00e9cran vers la droite pour acc\u00e9der \u00e0 la fonction Cartes de raccourcis qui affiche de fa\u00e7on pratique les informations sur les \u00e9v\u00e9nements, la m\u00e9t\u00e9o, la musique et les applications en cours d&#8217;ex\u00e9cution en arri\u00e8re-plan. Faites glisser \u00e9galement l&#8217;\u00e9cran vers la gauche pour acc\u00e9der \u00e0 l&#8217;application Acc\u00e8s rapide, une application personnalisable de l&#8217;\u00e9cran secondaire qui vous permet d&#8217;acc\u00e9der rapidement aux fonctions que vous utilisez le plus souvent. Facilitez-vous la vie au quotidien en vous donnant la possibilit\u00e9 de consulter rapidement les informations importantes.<\/p>\n<\/article>\n<div id=\"section-15\" class=\"section\">\n<p>&nbsp;<\/p>\n<article>\n<h2 class=\"wow fadeInUp\">Alertes personnalisables.<br \/>\nFaites pivoter et verrouillez m\u00eame l&#8217;\u00e9cran.<\/h2>\n<p class=\"p1 wow fadeInUp\" data-wow-delay=\".3s\">La vibration haptique am\u00e9lior\u00e9e permet \u00e0 la montre de r\u00e9pondre de fa\u00e7on plus pr\u00e9cise et plus rapide lorsque vous recevez des notifications. Gr\u00e2ce au moteur lin\u00e9aire haptique, il est possible de r\u00e9gler les vibrations sur diff\u00e9rentes dur\u00e9es, ce qui procure une sensation de qualit\u00e9 sup\u00e9rieure. L&#8217;\u00e9cran peut pivoter \u00e0 180\u00b0, ce qui convient aussi bien aux gauchers qu&#8217;aux droitiers. Il peut \u00eatre verrouill\u00e9 \u00e0 l&#8217;aide d&#8217;un mot de passe pour emp\u00eacher d&#8217;autres personnes d&#8217;y acc\u00e9der lorsque la montre n&#8217;est pas \u00e0 votre poignet. La capacit\u00e9 de d\u00e9tection de port peut m\u00eame verrouiller automatiquement<sup>13<\/sup> la montre lorsque vous l&#8217;enlevez.<\/p>\n<article>\n<h2 class=\"wow fadeInUp\">Des fonctions cl\u00e9s de la vie quotidienne pr\u00eates \u00e0 l&#8217;emploi.<br \/>\nAlarmes, \u00e9v\u00e9nements, minuteurs, et plus encore.<\/h2>\n<p class=\"p1 wow fadeInUp\" data-wow-delay=\".3s\">La montre peut g\u00e9rer efficacement vos agendas personnels, vous avertir en cas d&#8217;appels ou de messages entrants et vous rappeler de bouger lorsque vous \u00eates rest\u00e9(e) trop longtemps assis(e). Elle suit \u00e9galement vos \u00e9v\u00e8nements, propose les fonctions Ne pas d\u00e9ranger, Chronom\u00e8tre et Pr\u00e9visions m\u00e9t\u00e9orologiques, et offre la possibilit\u00e9 de r\u00e9gler des alarmes et des minuteurs.<\/p>\n<\/article>\n<h2 class=\"wow fadeInUp\">Compatible avec l&#8217;application Zepp.<br \/>\nGestion optimis\u00e9e des donn\u00e9es de sant\u00e9<sup>15<\/sup>.<\/h2>\n<p class=\"p1 wow fadeInUp\" data-wow-delay=\".3s\">Lorsqu&#8217;elle est connect\u00e9e \u00e0 l&#8217;application Zepp r\u00e9cemment mise \u00e0 jour, la montre effectue une analyse compl\u00e8te de plusieurs sources de donn\u00e9es pour fournir une gestion des donn\u00e9es corporelles 24 heures sur 24, 7 jours sur 7, permettant ainsi \u00e0 l&#8217;utilisateur de v\u00e9rifier sa condition physique \u00e0 tout moment. Parmi les fonctions principales, on peut citer l&#8217;affichage et l&#8217;analyse des donn\u00e9es sur la sant\u00e9 et les exercices, ainsi que la gestion intelligente des appareils.<\/p>\n<\/article>\n<\/div>\n<\/article>\n<\/div>\n<\/article>\n<\/div>\n<\/div>\n<\/article>\n<\/div>","protected":false},"excerpt":{"rendered":"<p>&#8230;<\/p>","protected":false},"featured_media":13639,"comment_status":"open","ping_status":"closed","template":"","meta":{"om_disable_all_campaigns":false,"_mi_skip_tracking":false,"_monsterinsights_sitenote_active":false,"_monsterinsights_sitenote_note":"","_monsterinsights_sitenote_category":0},"etheme_brands":[{"term_id":155,"name":"Amazfit","slug":"amazfit","term_group":0,"term_taxonomy_id":155,"taxonomy":"brand","description":"","parent":0,"count":5,"filter":"raw","term_order":"0"}],"product_cat":[43],"product_tag":[],"aioseo_notices":[],"_links":{"self":[{"href":"https:\/\/gateway.haikode.online\/fr\/wp-json\/wp\/v2\/product\/11769"}],"collection":[{"href":"https:\/\/gateway.haikode.online\/fr\/wp-json\/wp\/v2\/product"}],"about":[{"href":"https:\/\/gateway.haikode.online\/fr\/wp-json\/wp\/v2\/types\/product"}],"replies":[{"embeddable":true,"href":"https:\/\/gateway.haikode.online\/fr\/wp-json\/wp\/v2\/comments?post=11769"}],"wp:featuredmedia":[{"embeddable":true,"href":"https:\/\/gateway.haikode.online\/fr\/wp-json\/wp\/v2\/media\/13639"}],"wp:attachment":[{"href":"https:\/\/gateway.haikode.online\/fr\/wp-json\/wp\/v2\/media?parent=11769"}],"wp:term":[{"taxonomy":"brand","embeddable":true,"href":"https:\/\/gateway.haikode.online\/fr\/wp-json\/wp\/v2\/etheme_brands?post=11769"},{"taxonomy":"product_cat","embeddable":true,"href":"https:\/\/gateway.haikode.online\/fr\/wp-json\/wp\/v2\/product_cat?post=11769"},{"taxonomy":"product_tag","embeddable":true,"href":"https:\/\/gateway.haikode.online\/fr\/wp-json\/wp\/v2\/product_tag?post=11769"}],"curies":[{"name":"wp","href":"https:\/\/api.w.org\/{rel}","templated":true}]}}